{"id":7815,"date":"2024-10-23T16:06:04","date_gmt":"2024-10-23T14:06:04","guid":{"rendered":"https:\/\/www.3pcorporate.com\/?page_id=7815"},"modified":"2024-10-24T15:27:55","modified_gmt":"2024-10-24T13:27:55","slug":"communique","status":"publish","type":"page","link":"https:\/\/www.3pcorporate.com\/fr\/communique\/","title":{"rendered":"Communiqu\u00e9"},"content":{"rendered":"<p><div class=\"fusion-fullwidth fullwidth-box fusion-builder-row-1 fusion-flex-container has-pattern-background has-mask-background nonhundred-percent-fullwidth non-hundred-percent-height-scrolling gradient-container-1\" style=\"--awb-border-radius-top-left:0px;--awb-border-radius-top-right:0px;--awb-border-radius-bottom-right:0px;--awb-border-radius-bottom-left:0px;--awb-flex-wrap:wrap;\" ><div class=\"fusion-builder-row fusion-row fusion-flex-align-items-flex-start fusion-flex-content-wrap\" style=\"max-width:1185.6px;margin-left: calc(-4% \/ 2 );margin-right: calc(-4% \/ 2 );\"><div class=\"fusion-layout-column fusion_builder_column fusion-builder-column-0 fusion_builder_column_1_5 1_5 fusion-flex-column\" style=\"--awb-bg-size:cover;--awb-width-large:20%;--awb-margin-top-large:0px;--awb-spacing-right-large:9.6%;--awb-margin-bottom-large:20px;--awb-spacing-left-large:9.6%;--awb-width-medium:100%;--awb-order-medium:0;--awb-spacing-right-medium:1.92%;--awb-spacing-left-medium:1.92%;--awb-width-small:100%;--awb-order-small:0;--awb-spacing-right-small:1.92%;--awb-spacing-left-small:1.92%;\"><div class=\"fusion-column-wrapper fusion-column-has-shadow fusion-flex-justify-content-flex-start fusion-content-layout-column\"><div class=\"fusion-image-element \" style=\"--awb-caption-title-font-family:var(--h2_typography-font-family);--awb-caption-title-font-weight:var(--h2_typography-font-weight);--awb-caption-title-font-style:var(--h2_typography-font-style);--awb-caption-title-size:var(--h2_typography-font-size);--awb-caption-title-transform:var(--h2_typography-text-transform);--awb-caption-title-line-height:var(--h2_typography-line-height);--awb-caption-title-letter-spacing:var(--h2_typography-letter-spacing);\"><span class=\" fusion-imageframe imageframe-none imageframe-1 hover-type-none\"><img decoding=\"async\" width=\"150\" height=\"98\" title=\"3P_logo-fr-bis\" src=\"data:image\/svg+xml,%3Csvg%20xmlns%3D%27http%3A%2F%2Fwww.w3.org%2F2000%2Fsvg%27%20width%3D%27150%27%20height%3D%2798%27%20viewBox%3D%270%200%20150%2098%27%3E%3Crect%20width%3D%27150%27%20height%3D%2798%27%20fill-opacity%3D%220%22%2F%3E%3C%2Fsvg%3E\" data-orig-src=\"https:\/\/www.3pcorporate.com\/wp-content\/uploads\/2021\/12\/3P_logo-fr-bis.png\" alt class=\"lazyload img-responsive wp-image-7180\"\/><\/span><\/div><\/div><\/div><div class=\"fusion-layout-column fusion_builder_column fusion-builder-column-1 fusion_builder_column_4_5 4_5 fusion-flex-column\" style=\"--awb-bg-size:cover;--awb-width-large:80%;--awb-margin-top-large:0px;--awb-spacing-right-large:2.4%;--awb-margin-bottom-large:20px;--awb-spacing-left-large:2.4%;--awb-width-medium:100%;--awb-order-medium:0;--awb-spacing-right-medium:1.92%;--awb-spacing-left-medium:1.92%;--awb-width-small:100%;--awb-order-small:0;--awb-spacing-right-small:1.92%;--awb-spacing-left-small:1.92%;\"><div class=\"fusion-column-wrapper fusion-column-has-shadow fusion-flex-justify-content-flex-start fusion-content-layout-column\"><div class=\"fusion-title title fusion-title-1 fusion-sep-none fusion-title-center fusion-title-text fusion-title-size-one\" style=\"--awb-text-color:#1c60ab;--awb-margin-top-small:10px;--awb-margin-right-small:0px;--awb-margin-bottom-small:10px;--awb-margin-left-small:0px;--awb-font-size:2.4rem;\"><h1 class=\"fusion-title-heading title-heading-center fusion-responsive-typography-calculated\" style=\"font-family:&quot;Montserrat&quot;;font-style:normal;font-weight:600;margin:0;font-size:1em;--fontSize:38.4;line-height:0.94;\"><strong>Le groupe 3P &#8211; Produits Plastiques Performants annonce l\u2019acquisition du groupe ICM Industrie<\/strong><\/h1><\/div><\/div><\/div><\/div><\/div><div class=\"fusion-fullwidth fullwidth-box fusion-builder-row-2 fusion-flex-container has-pattern-background has-mask-background nonhundred-percent-fullwidth non-hundred-percent-height-scrolling gradient-container-2\" style=\"--awb-border-radius-top-left:0px;--awb-border-radius-top-right:0px;--awb-border-radius-bottom-right:0px;--awb-border-radius-bottom-left:0px;--awb-flex-wrap:wrap;\" ><div class=\"fusion-builder-row fusion-row fusion-flex-align-items-flex-start fusion-flex-content-wrap\" style=\"max-width:1185.6px;margin-left: calc(-4% \/ 2 );margin-right: calc(-4% \/ 2 );\"><div class=\"fusion-layout-column fusion_builder_column fusion-builder-column-2 fusion_builder_column_1_1 1_1 fusion-flex-column\" style=\"--awb-bg-size:cover;--awb-width-large:100%;--awb-margin-top-large:0px;--awb-spacing-right-large:1.92%;--awb-margin-bottom-large:20px;--awb-spacing-left-large:1.92%;--awb-width-medium:100%;--awb-order-medium:0;--awb-spacing-right-medium:1.92%;--awb-spacing-left-medium:1.92%;--awb-width-small:100%;--awb-order-small:0;--awb-spacing-right-small:1.92%;--awb-spacing-left-small:1.92%;\"><div class=\"fusion-column-wrapper fusion-column-has-shadow fusion-flex-justify-content-flex-start fusion-content-layout-column\"><div class=\"fusion-image-element \" style=\"--awb-caption-title-font-family:var(--h2_typography-font-family);--awb-caption-title-font-weight:var(--h2_typography-font-weight);--awb-caption-title-font-style:var(--h2_typography-font-style);--awb-caption-title-size:var(--h2_typography-font-size);--awb-caption-title-transform:var(--h2_typography-text-transform);--awb-caption-title-line-height:var(--h2_typography-line-height);--awb-caption-title-letter-spacing:var(--h2_typography-letter-spacing);\"><span class=\" fusion-imageframe imageframe-none imageframe-2 hover-type-none\"><img decoding=\"async\" width=\"2015\" height=\"52\" title=\"barre oblique 3P\" src=\"https:\/\/www.3pcorporate.com\/wp-content\/uploads\/2024\/10\/barre-oblique-3P.png\" data-orig-src=\"https:\/\/www.3pcorporate.com\/wp-content\/uploads\/2024\/10\/barre-oblique-3P.png\" alt class=\"lazyload img-responsive wp-image-7805\" srcset=\"data:image\/svg+xml,%3Csvg%20xmlns%3D%27http%3A%2F%2Fwww.w3.org%2F2000%2Fsvg%27%20width%3D%272015%27%20height%3D%2752%27%20viewBox%3D%270%200%202015%2052%27%3E%3Crect%20width%3D%272015%27%20height%3D%2752%27%20fill-opacity%3D%220%22%2F%3E%3C%2Fsvg%3E\" data-srcset=\"https:\/\/www.3pcorporate.com\/wp-content\/uploads\/2024\/10\/barre-oblique-3P-200x5.png 200w, https:\/\/www.3pcorporate.com\/wp-content\/uploads\/2024\/10\/barre-oblique-3P-400x10.png 400w, https:\/\/www.3pcorporate.com\/wp-content\/uploads\/2024\/10\/barre-oblique-3P-600x15.png 600w, https:\/\/www.3pcorporate.com\/wp-content\/uploads\/2024\/10\/barre-oblique-3P-800x21.png 800w, https:\/\/www.3pcorporate.com\/wp-content\/uploads\/2024\/10\/barre-oblique-3P-1200x31.png 1200w, https:\/\/www.3pcorporate.com\/wp-content\/uploads\/2024\/10\/barre-oblique-3P.png 2015w\" data-sizes=\"auto\" data-orig-sizes=\"(max-width: 1024px) 100vw, (max-width: 680px) 100vw, 1200px\" \/><\/span><\/div><div class=\"fusion-text fusion-text-1\" style=\"--awb-text-font-family:&quot;Montserrat&quot;;--awb-text-font-style:normal;--awb-text-font-weight:400;\"><p><strong>Lyon, le 18 octobre 2024<\/strong> \u2013 Le groupe fran\u00e7ais <strong>3P &#8211; Produits Plastiques Performants<\/strong>, acteur industriel international sp\u00e9cialis\u00e9 dans les solutions plastiques de haute performance, annonce l\u2019acquisition du groupe <strong>ICM Industrie<\/strong>. Avec cette acquisition, le groupe se donne les moyens de <strong>franchir le cap des 100 millions d\u2019euros de chiffre d\u2019affaires avec un effectif de 500 collaborateurs.<\/strong> Il consolide ainsi sa position parmi les acteurs industriels majeurs du secteur et renforce sa pr\u00e9sence dans les domaines de l\u2019usinage et de la chaudronnerie des plastiques et composites.<\/p>\n<p><strong>Une acquisition strat\u00e9gique pour 3P &#8211; Produits Plastiques Performants<\/strong><\/p>\n<p>Cr\u00e9\u00e9 en <strong>1993, ICM Industrie<\/strong> compte <strong>6 sites de production en France et emploie 160 collaborateurs<\/strong>. Gr\u00e2ce \u00e0 un parc performant et robotis\u00e9 de plus de 100 machines, le groupe \u00e9largit son offre industrielle.<\/p>\n<p><strong><em>Serge<\/em><\/strong> <strong><em>REIG,<\/em><\/strong> <strong><em>pr\u00e9sident<\/em><\/strong> <strong><em>de<\/em><\/strong> <strong><em>3P<\/em><\/strong> <strong><em>&#8211;<\/em><\/strong> <strong><em>Produits<\/em><\/strong> <strong><em>Plastiques<\/em><\/strong> <strong><em>Performants,<\/em><\/strong> d\u00e9clare : <strong><em>\u00ab<\/em><\/strong> <strong><em>Nous<\/em><\/strong> <strong><em>sommes<\/em><\/strong> <strong><em>ravis<\/em><\/strong> <strong><em>d&rsquo;int\u00e9grer<\/em><\/strong> <strong><em>les<\/em><\/strong> <strong><em>collaborateurs <\/em><\/strong><strong><em>d\u2019ICM Industrie au sein de notre groupe pour franchir avec eux une nouvelle \u00e9tape cl\u00e9 de d\u00e9veloppement. L\u2019acquisition d\u2019ICM Industrie s\u2019inscrit dans notre strat\u00e9gie d\u2019expansion et renforce notre capacit\u00e9 \u00e0 offrir des solutions de transformation de pointe. Gr\u00e2ce \u00e0 cette compl\u00e9mentarit\u00e9, nous pourrons proposer une gamme plus \u00e9tendue de services et accro\u00eetre notre pr\u00e9sence en France, en Europe et \u00e0 l\u2019international, notamment sur des march\u00e9s comme l\u2019a\u00e9ronautique, l\u2019\u00e9nergie et les nouvelles tendances de mobilit\u00e9 douce.\u00a0\u00bb<\/em><\/strong><\/p>\n<p><strong>Nouveaux r\u00f4les et synergies<\/strong><\/p>\n<p>Dans le cadre de ce rapprochement, <strong>Fr\u00e9d\u00e9ric ROUX, pr\u00e9sident fondateur d\u2019ICM Industrie,<\/strong> continuera \u00e0 apporter son expertise et facilitera une transition \ufb02uide. <strong><em>\u00ab Le rapprochement avec 3P constitue une formidable opportunit\u00e9 de croissance pour ICM Industrie \u00bb<\/em><\/strong> affirme<strong> Fr\u00e9d\u00e9ric Roux. <em>\u00ab En combinant nos expertises et en unissant nos moyens de production, nous allons renforcer nos capacit\u00e9s industrielles et conqu\u00e9rir de nouveaux march\u00e9s strat\u00e9giques \u00bb.<\/em><\/strong><\/p>\n<p><strong><u>\u00c0 propos de 3P &#8211; Produits Plastiques Performants<\/u><\/strong><\/p>\n<p>Fond\u00e9 en 1966, <strong>3P &#8211; Produits Plastiques Performants<\/strong>, leader sur ses principaux march\u00e9s, con\u00e7oit, d\u00e9veloppe et fabrique des solutions en mati\u00e8res plastiques et composites de haute performance, destin\u00e9es notamment aux secteurs a\u00e9ronautique, automobile et \u00e9nergie. Avec un effectif de <strong>350 salari\u00e9s, 4 usines de production (deux en France, une en Espagne, une aux \u00c9tats-Unis), et des filiales commerciales en Allemagne, Italie, Pays-Bas, Inde et Chine<\/strong>, le groupe poursuit une dynamique de d\u00e9veloppement soutenue et internationale.<\/p>\n<p><strong><u>\u00c0 propos d\u2019ICM Industrie<\/u><\/strong><\/p>\n<p>Fond\u00e9 en 1993, ICM Industrie est un groupe industriel fran\u00e7ais <strong>sp\u00e9cialis\u00e9 dans l&rsquo;usinage et la distribution de mati\u00e8res plastiques et composites.<\/strong> Implant\u00e9 \u00e0 Lyon, Paris, Niort, Nancy, Brognard et Thyez, <strong>ICM Industrie emploie 160 collaborateurs.<\/strong> Le groupe propose des solutions adapt\u00e9es aux secteurs exigeants comme l\u2019a\u00e9ronautique, la d\u00e9fense, le m\u00e9dical, l\u2019\u00e9nergie et l\u2019automobile.<\/p>\n<p><strong>Conseils<\/strong> <strong>de<\/strong> <strong>l\u2019op\u00e9ration<\/strong> <strong>et<\/strong> <strong>partenaires<\/strong> <strong>\ufb01nanciers<\/strong> <strong>:<\/strong><\/p>\n<p>Acqu\u00e9reur : AKLEA (Gilles Bazaille), BPIfrance, BNP, CIC et SG<\/p>\n<p>C\u00e9dant : M&amp;A Forvis Mazars (Fr\u00e9d\u00e9ric Clairet), Avocat Lamy Lexel (Alexandre Bideau, Sibylle Audet)<\/p>\n<p><strong>Pour plus<\/strong> <strong>d\u2019informations<\/strong> <strong>:<\/strong><\/p>\n<p>Contact presse 3P &#8211; Produits Plastiques Performants Jocelyn COCHIE | <u><a href=\"mailto:jcochie@3pcorporate.com\">jcochie@3pcorporate.com<\/a><\/u><\/p>\n<p>Site internet : ICM Industrie <a href=\"https:\/\/www.icmindustrie.com\/\">https:\/\/www.icmindustrie.com\/<\/a><\/p>\n<\/div><\/div><\/div><\/div><\/div><\/p>\n","protected":false},"excerpt":{"rendered":"","protected":false},"author":1,"featured_media":0,"parent":0,"menu_order":0,"comment_status":"closed","ping_status":"closed","template":"","meta":{"footnotes":""},"class_list":["post-7815","page","type-page","status-publish","hentry"],"yoast_head":"<!-- This site is optimized with the Yoast SEO Premium plugin v26.1 (Yoast SEO v27.3) - https:\/\/yoast.com\/product\/yoast-seo-premium-wordpress\/ -->\n<title>Communiqu\u00e9 - 3P Corporate<\/title>\n<meta name=\"robots\" content=\"index, follow, max-snippet:-1, max-image-preview:large, max-video-preview:-1\" \/>\n<link rel=\"canonical\" href=\"https:\/\/www.3pcorporate.com\/fr\/communique\/\" \/>\n<meta property=\"og:locale\" content=\"fr_FR\" \/>\n<meta property=\"og:type\" content=\"article\" \/>\n<meta property=\"og:title\" content=\"Communiqu\u00e9\" \/>\n<meta property=\"og:url\" content=\"https:\/\/www.3pcorporate.com\/fr\/communique\/\" \/>\n<meta property=\"og:site_name\" content=\"3P Corporate\" \/>\n<meta property=\"article:modified_time\" content=\"2024-10-24T13:27:55+00:00\" \/>\n<meta name=\"twitter:card\" content=\"summary_large_image\" \/>\n<meta name=\"twitter:label1\" content=\"Dur\u00e9e de lecture estim\u00e9e\" \/>\n\t<meta name=\"twitter:data1\" content=\"3 minutes\" \/>\n<script type=\"application\/ld+json\" class=\"yoast-schema-graph\">{\"@context\":\"https:\\\/\\\/schema.org\",\"@graph\":[{\"@type\":\"WebPage\",\"@id\":\"https:\\\/\\\/www.3pcorporate.com\\\/fr\\\/communique\\\/\",\"url\":\"https:\\\/\\\/www.3pcorporate.com\\\/fr\\\/communique\\\/\",\"name\":\"Communiqu\u00e9 - 3P Corporate\",\"isPartOf\":{\"@id\":\"https:\\\/\\\/www.3pcorporate.com\\\/en\\\/#website\"},\"datePublished\":\"2024-10-23T14:06:04+00:00\",\"dateModified\":\"2024-10-24T13:27:55+00:00\",\"breadcrumb\":{\"@id\":\"https:\\\/\\\/www.3pcorporate.com\\\/fr\\\/communique\\\/#breadcrumb\"},\"inLanguage\":\"fr-FR\",\"potentialAction\":[{\"@type\":\"ReadAction\",\"target\":[\"https:\\\/\\\/www.3pcorporate.com\\\/fr\\\/communique\\\/\"]}]},{\"@type\":\"BreadcrumbList\",\"@id\":\"https:\\\/\\\/www.3pcorporate.com\\\/fr\\\/communique\\\/#breadcrumb\",\"itemListElement\":[{\"@type\":\"ListItem\",\"position\":1,\"name\":\"Accueil\",\"item\":\"https:\\\/\\\/www.3pcorporate.com\\\/fr\\\/\"},{\"@type\":\"ListItem\",\"position\":2,\"name\":\"Communiqu\u00e9\"}]},{\"@type\":\"WebSite\",\"@id\":\"https:\\\/\\\/www.3pcorporate.com\\\/en\\\/#website\",\"url\":\"https:\\\/\\\/www.3pcorporate.com\\\/en\\\/\",\"name\":\"3P Corporate\",\"description\":\"Produits Plastiques Performants \",\"publisher\":{\"@id\":\"https:\\\/\\\/www.3pcorporate.com\\\/en\\\/#organization\"},\"potentialAction\":[{\"@type\":\"SearchAction\",\"target\":{\"@type\":\"EntryPoint\",\"urlTemplate\":\"https:\\\/\\\/www.3pcorporate.com\\\/en\\\/?s={search_term_string}\"},\"query-input\":{\"@type\":\"PropertyValueSpecification\",\"valueRequired\":true,\"valueName\":\"search_term_string\"}}],\"inLanguage\":\"fr-FR\"},{\"@type\":\"Organization\",\"@id\":\"https:\\\/\\\/www.3pcorporate.com\\\/en\\\/#organization\",\"name\":\"3P Corporate\",\"url\":\"https:\\\/\\\/www.3pcorporate.com\\\/en\\\/\",\"logo\":{\"@type\":\"ImageObject\",\"inLanguage\":\"fr-FR\",\"@id\":\"https:\\\/\\\/www.3pcorporate.com\\\/en\\\/#\\\/schema\\\/logo\\\/image\\\/\",\"url\":\"https:\\\/\\\/www.3pcorporate.com\\\/\\\/wp-content\\\/uploads\\\/2021\\\/09\\\/3P_logo-fr.png\",\"contentUrl\":\"https:\\\/\\\/www.3pcorporate.com\\\/\\\/wp-content\\\/uploads\\\/2021\\\/09\\\/3P_logo-fr.png\",\"width\":120,\"height\":98,\"caption\":\"3P Corporate\"},\"image\":{\"@id\":\"https:\\\/\\\/www.3pcorporate.com\\\/en\\\/#\\\/schema\\\/logo\\\/image\\\/\"},\"sameAs\":[\"https:\\\/\\\/fr.linkedin.com\\\/company\\\/3p-produits-plastiques-performants\"]}]}<\/script>\n<!-- \/ Yoast SEO Premium plugin. -->","yoast_head_json":{"title":"Communiqu\u00e9 - 3P Corporate","robots":{"index":"index","follow":"follow","max-snippet":"max-snippet:-1","max-image-preview":"max-image-preview:large","max-video-preview":"max-video-preview:-1"},"canonical":"https:\/\/www.3pcorporate.com\/fr\/communique\/","og_locale":"fr_FR","og_type":"article","og_title":"Communiqu\u00e9","og_url":"https:\/\/www.3pcorporate.com\/fr\/communique\/","og_site_name":"3P Corporate","article_modified_time":"2024-10-24T13:27:55+00:00","twitter_card":"summary_large_image","twitter_misc":{"Dur\u00e9e de lecture estim\u00e9e":"3 minutes"},"schema":{"@context":"https:\/\/schema.org","@graph":[{"@type":"WebPage","@id":"https:\/\/www.3pcorporate.com\/fr\/communique\/","url":"https:\/\/www.3pcorporate.com\/fr\/communique\/","name":"Communiqu\u00e9 - 3P Corporate","isPartOf":{"@id":"https:\/\/www.3pcorporate.com\/en\/#website"},"datePublished":"2024-10-23T14:06:04+00:00","dateModified":"2024-10-24T13:27:55+00:00","breadcrumb":{"@id":"https:\/\/www.3pcorporate.com\/fr\/communique\/#breadcrumb"},"inLanguage":"fr-FR","potentialAction":[{"@type":"ReadAction","target":["https:\/\/www.3pcorporate.com\/fr\/communique\/"]}]},{"@type":"BreadcrumbList","@id":"https:\/\/www.3pcorporate.com\/fr\/communique\/#breadcrumb","itemListElement":[{"@type":"ListItem","position":1,"name":"Accueil","item":"https:\/\/www.3pcorporate.com\/fr\/"},{"@type":"ListItem","position":2,"name":"Communiqu\u00e9"}]},{"@type":"WebSite","@id":"https:\/\/www.3pcorporate.com\/en\/#website","url":"https:\/\/www.3pcorporate.com\/en\/","name":"3P Corporate","description":"Produits Plastiques Performants ","publisher":{"@id":"https:\/\/www.3pcorporate.com\/en\/#organization"},"potentialAction":[{"@type":"SearchAction","target":{"@type":"EntryPoint","urlTemplate":"https:\/\/www.3pcorporate.com\/en\/?s={search_term_string}"},"query-input":{"@type":"PropertyValueSpecification","valueRequired":true,"valueName":"search_term_string"}}],"inLanguage":"fr-FR"},{"@type":"Organization","@id":"https:\/\/www.3pcorporate.com\/en\/#organization","name":"3P Corporate","url":"https:\/\/www.3pcorporate.com\/en\/","logo":{"@type":"ImageObject","inLanguage":"fr-FR","@id":"https:\/\/www.3pcorporate.com\/en\/#\/schema\/logo\/image\/","url":"https:\/\/www.3pcorporate.com\/\/wp-content\/uploads\/2021\/09\/3P_logo-fr.png","contentUrl":"https:\/\/www.3pcorporate.com\/\/wp-content\/uploads\/2021\/09\/3P_logo-fr.png","width":120,"height":98,"caption":"3P Corporate"},"image":{"@id":"https:\/\/www.3pcorporate.com\/en\/#\/schema\/logo\/image\/"},"sameAs":["https:\/\/fr.linkedin.com\/company\/3p-produits-plastiques-performants"]}]}},"_links":{"self":[{"href":"https:\/\/www.3pcorporate.com\/fr\/wp-json\/wp\/v2\/pages\/7815","targetHints":{"allow":["GET"]}}],"collection":[{"href":"https:\/\/www.3pcorporate.com\/fr\/wp-json\/wp\/v2\/pages"}],"about":[{"href":"https:\/\/www.3pcorporate.com\/fr\/wp-json\/wp\/v2\/types\/page"}],"author":[{"embeddable":true,"href":"https:\/\/www.3pcorporate.com\/fr\/wp-json\/wp\/v2\/users\/1"}],"replies":[{"embeddable":true,"href":"https:\/\/www.3pcorporate.com\/fr\/wp-json\/wp\/v2\/comments?post=7815"}],"version-history":[{"count":8,"href":"https:\/\/www.3pcorporate.com\/fr\/wp-json\/wp\/v2\/pages\/7815\/revisions"}],"predecessor-version":[{"id":7838,"href":"https:\/\/www.3pcorporate.com\/fr\/wp-json\/wp\/v2\/pages\/7815\/revisions\/7838"}],"wp:attachment":[{"href":"https:\/\/www.3pcorporate.com\/fr\/wp-json\/wp\/v2\/media?parent=7815"}],"curies":[{"name":"wp","href":"https:\/\/api.w.org\/{rel}","templated":true}]}}