{"id":7243,"date":"2022-03-04T09:49:39","date_gmt":"2022-03-04T08:49:39","guid":{"rendered":"https:\/\/www.3pcorporate.com\/\/?page_id=7243"},"modified":"2022-03-04T09:51:43","modified_gmt":"2022-03-04T08:51:43","slug":"mentions-legales","status":"publish","type":"page","link":"https:\/\/www.3pcorporate.com\/fr\/mentions-legales\/","title":{"rendered":"Mentions l\u00e9gales"},"content":{"rendered":"<div class=\"fusion-fullwidth fullwidth-box fusion-builder-row-1 fusion-flex-container nonhundred-percent-fullwidth non-hundred-percent-height-scrolling gradient-container-1\" style=\"--awb-border-radius-top-left:0px;--awb-border-radius-top-right:0px;--awb-border-radius-bottom-right:0px;--awb-border-radius-bottom-left:0px;--awb-flex-wrap:wrap;\" ><div class=\"fusion-builder-row fusion-row fusion-flex-align-items-flex-start fusion-flex-content-wrap\" style=\"max-width:1185.6px;margin-left: calc(-4% \/ 2 );margin-right: calc(-4% \/ 2 );\"><div class=\"fusion-layout-column fusion_builder_column fusion-builder-column-0 fusion_builder_column_1_1 1_1 fusion-flex-column\" style=\"--awb-bg-size:cover;--awb-width-large:100%;--awb-margin-top-large:0px;--awb-spacing-right-large:1.92%;--awb-margin-bottom-large:20px;--awb-spacing-left-large:1.92%;--awb-width-medium:100%;--awb-order-medium:0;--awb-spacing-right-medium:1.92%;--awb-spacing-left-medium:1.92%;--awb-width-small:100%;--awb-order-small:0;--awb-spacing-right-small:1.92%;--awb-spacing-left-small:1.92%;\"><div class=\"fusion-column-wrapper fusion-column-has-shadow fusion-flex-justify-content-flex-start fusion-content-layout-column\"><div class=\"elegant-empty-space space-vertical fusion-clearfix \" style=\"height:32px;\"><\/div><div class=\"fusion-title title fusion-title-1 fusion-sep-none fusion-title-center fusion-title-text fusion-title-size-two\" style=\"--awb-margin-top-small:10px;--awb-margin-right-small:0px;--awb-margin-bottom-small:10px;--awb-margin-left-small:0px;\"><h2 class=\"fusion-title-heading title-heading-center fusion-responsive-typography-calculated\" style=\"margin:0;--fontSize:27.2;line-height:1.13;\"><p style=\"text-align: center;\">Mentions l\u00e9gales<\/p><\/h2><\/div><div class=\"elegant-empty-space space-vertical fusion-clearfix \" style=\"height:32px;\"><\/div><div class=\"fusion-text fusion-text-1\" style=\"--awb-text-transform:none;\"><p><strong>D\u00e9nomination sociale <\/strong>Produits Plastiques Performants 3P<br \/>\n<strong>Adresse du si\u00e8ge social <\/strong>Zone Industrielle Les Franchises \u2013 52 200 Langres &#8211; France<br \/>\n<strong>Forme juridique <\/strong>Soci\u00e9t\u00e9 par Actions Simplifi\u00e9e<br \/>\n<strong>Capital social \u00a0<\/strong>7.537.500 \u20acuro<br \/>\n<strong>RCS Chaumont <\/strong>410 314 322<br \/>\n<strong>Siret<\/strong> 410314322 00059<br \/>\n<strong>Num\u00e9ro TVA Intracommunautaire <\/strong>FR77410314322<br \/>\n<strong>Code NAF <\/strong>2229A<br \/>\n<strong>Tel<\/strong>. 03.25.87.23.24<br \/>\n<strong>Adresse e-mail :<\/strong> contact@3pcorporate.com<br \/>\n<strong>Responsable de la publication <\/strong>Bernard Galelli<br \/>\n<strong>Prestataire d\u2019h\u00e9bergement <\/strong>1&amp;1 \u00a0IONOS SARL &#8211; 7, place de la Gare &#8211; BP 70109 &#8211; 57201 Sarreguemines Cedex<\/p>\n<\/div><\/div><\/div><\/div><\/div>\n","protected":false},"excerpt":{"rendered":"","protected":false},"author":1,"featured_media":0,"parent":0,"menu_order":0,"comment_status":"closed","ping_status":"closed","template":"","meta":{"footnotes":""},"class_list":["post-7243","page","type-page","status-publish","hentry"],"yoast_head":"<!-- This site is optimized with the Yoast SEO Premium plugin v26.1 (Yoast SEO v27.3) - https:\/\/yoast.com\/product\/yoast-seo-premium-wordpress\/ -->\n<title>Mentions l\u00e9gales - 3P Corporate<\/title>\n<meta name=\"robots\" content=\"index, follow, max-snippet:-1, max-image-preview:large, max-video-preview:-1\" \/>\n<link rel=\"canonical\" href=\"https:\/\/www.3pcorporate.com\/fr\/mentions-legales\/\" \/>\n<meta property=\"og:locale\" content=\"fr_FR\" \/>\n<meta property=\"og:type\" content=\"article\" \/>\n<meta property=\"og:title\" content=\"Mentions l\u00e9gales\" \/>\n<meta property=\"og:url\" content=\"https:\/\/www.3pcorporate.com\/fr\/mentions-legales\/\" \/>\n<meta property=\"og:site_name\" content=\"3P Corporate\" \/>\n<meta property=\"article:modified_time\" content=\"2022-03-04T08:51:43+00:00\" \/>\n<meta name=\"twitter:card\" content=\"summary_large_image\" \/>\n<meta name=\"twitter:label1\" content=\"Dur\u00e9e de lecture estim\u00e9e\" \/>\n\t<meta name=\"twitter:data1\" content=\"5 minutes\" \/>\n<script type=\"application\/ld+json\" class=\"yoast-schema-graph\">{\"@context\":\"https:\\\/\\\/schema.org\",\"@graph\":[{\"@type\":\"WebPage\",\"@id\":\"https:\\\/\\\/www.3pcorporate.com\\\/fr\\\/mentions-legales\\\/\",\"url\":\"https:\\\/\\\/www.3pcorporate.com\\\/fr\\\/mentions-legales\\\/\",\"name\":\"Mentions l\u00e9gales - 3P Corporate\",\"isPartOf\":{\"@id\":\"https:\\\/\\\/www.3pcorporate.com\\\/en\\\/#website\"},\"datePublished\":\"2022-03-04T08:49:39+00:00\",\"dateModified\":\"2022-03-04T08:51:43+00:00\",\"breadcrumb\":{\"@id\":\"https:\\\/\\\/www.3pcorporate.com\\\/fr\\\/mentions-legales\\\/#breadcrumb\"},\"inLanguage\":\"fr-FR\",\"potentialAction\":[{\"@type\":\"ReadAction\",\"target\":[\"https:\\\/\\\/www.3pcorporate.com\\\/fr\\\/mentions-legales\\\/\"]}]},{\"@type\":\"BreadcrumbList\",\"@id\":\"https:\\\/\\\/www.3pcorporate.com\\\/fr\\\/mentions-legales\\\/#breadcrumb\",\"itemListElement\":[{\"@type\":\"ListItem\",\"position\":1,\"name\":\"Accueil\",\"item\":\"https:\\\/\\\/www.3pcorporate.com\\\/fr\\\/\"},{\"@type\":\"ListItem\",\"position\":2,\"name\":\"Mentions l\u00e9gales\"}]},{\"@type\":\"WebSite\",\"@id\":\"https:\\\/\\\/www.3pcorporate.com\\\/en\\\/#website\",\"url\":\"https:\\\/\\\/www.3pcorporate.com\\\/en\\\/\",\"name\":\"3P Corporate\",\"description\":\"Produits Plastiques Performants \",\"publisher\":{\"@id\":\"https:\\\/\\\/www.3pcorporate.com\\\/en\\\/#organization\"},\"potentialAction\":[{\"@type\":\"SearchAction\",\"target\":{\"@type\":\"EntryPoint\",\"urlTemplate\":\"https:\\\/\\\/www.3pcorporate.com\\\/en\\\/?s={search_term_string}\"},\"query-input\":{\"@type\":\"PropertyValueSpecification\",\"valueRequired\":true,\"valueName\":\"search_term_string\"}}],\"inLanguage\":\"fr-FR\"},{\"@type\":\"Organization\",\"@id\":\"https:\\\/\\\/www.3pcorporate.com\\\/en\\\/#organization\",\"name\":\"3P Corporate\",\"url\":\"https:\\\/\\\/www.3pcorporate.com\\\/en\\\/\",\"logo\":{\"@type\":\"ImageObject\",\"inLanguage\":\"fr-FR\",\"@id\":\"https:\\\/\\\/www.3pcorporate.com\\\/en\\\/#\\\/schema\\\/logo\\\/image\\\/\",\"url\":\"https:\\\/\\\/www.3pcorporate.com\\\/\\\/wp-content\\\/uploads\\\/2021\\\/09\\\/3P_logo-fr.png\",\"contentUrl\":\"https:\\\/\\\/www.3pcorporate.com\\\/\\\/wp-content\\\/uploads\\\/2021\\\/09\\\/3P_logo-fr.png\",\"width\":120,\"height\":98,\"caption\":\"3P Corporate\"},\"image\":{\"@id\":\"https:\\\/\\\/www.3pcorporate.com\\\/en\\\/#\\\/schema\\\/logo\\\/image\\\/\"},\"sameAs\":[\"https:\\\/\\\/fr.linkedin.com\\\/company\\\/3p-produits-plastiques-performants\"]}]}<\/script>\n<!-- \/ Yoast SEO Premium plugin. -->","yoast_head_json":{"title":"Mentions l\u00e9gales - 3P Corporate","robots":{"index":"index","follow":"follow","max-snippet":"max-snippet:-1","max-image-preview":"max-image-preview:large","max-video-preview":"max-video-preview:-1"},"canonical":"https:\/\/www.3pcorporate.com\/fr\/mentions-legales\/","og_locale":"fr_FR","og_type":"article","og_title":"Mentions l\u00e9gales","og_url":"https:\/\/www.3pcorporate.com\/fr\/mentions-legales\/","og_site_name":"3P Corporate","article_modified_time":"2022-03-04T08:51:43+00:00","twitter_card":"summary_large_image","twitter_misc":{"Dur\u00e9e de lecture estim\u00e9e":"5 minutes"},"schema":{"@context":"https:\/\/schema.org","@graph":[{"@type":"WebPage","@id":"https:\/\/www.3pcorporate.com\/fr\/mentions-legales\/","url":"https:\/\/www.3pcorporate.com\/fr\/mentions-legales\/","name":"Mentions l\u00e9gales - 3P Corporate","isPartOf":{"@id":"https:\/\/www.3pcorporate.com\/en\/#website"},"datePublished":"2022-03-04T08:49:39+00:00","dateModified":"2022-03-04T08:51:43+00:00","breadcrumb":{"@id":"https:\/\/www.3pcorporate.com\/fr\/mentions-legales\/#breadcrumb"},"inLanguage":"fr-FR","potentialAction":[{"@type":"ReadAction","target":["https:\/\/www.3pcorporate.com\/fr\/mentions-legales\/"]}]},{"@type":"BreadcrumbList","@id":"https:\/\/www.3pcorporate.com\/fr\/mentions-legales\/#breadcrumb","itemListElement":[{"@type":"ListItem","position":1,"name":"Accueil","item":"https:\/\/www.3pcorporate.com\/fr\/"},{"@type":"ListItem","position":2,"name":"Mentions l\u00e9gales"}]},{"@type":"WebSite","@id":"https:\/\/www.3pcorporate.com\/en\/#website","url":"https:\/\/www.3pcorporate.com\/en\/","name":"3P Corporate","description":"Produits Plastiques Performants ","publisher":{"@id":"https:\/\/www.3pcorporate.com\/en\/#organization"},"potentialAction":[{"@type":"SearchAction","target":{"@type":"EntryPoint","urlTemplate":"https:\/\/www.3pcorporate.com\/en\/?s={search_term_string}"},"query-input":{"@type":"PropertyValueSpecification","valueRequired":true,"valueName":"search_term_string"}}],"inLanguage":"fr-FR"},{"@type":"Organization","@id":"https:\/\/www.3pcorporate.com\/en\/#organization","name":"3P Corporate","url":"https:\/\/www.3pcorporate.com\/en\/","logo":{"@type":"ImageObject","inLanguage":"fr-FR","@id":"https:\/\/www.3pcorporate.com\/en\/#\/schema\/logo\/image\/","url":"https:\/\/www.3pcorporate.com\/\/wp-content\/uploads\/2021\/09\/3P_logo-fr.png","contentUrl":"https:\/\/www.3pcorporate.com\/\/wp-content\/uploads\/2021\/09\/3P_logo-fr.png","width":120,"height":98,"caption":"3P Corporate"},"image":{"@id":"https:\/\/www.3pcorporate.com\/en\/#\/schema\/logo\/image\/"},"sameAs":["https:\/\/fr.linkedin.com\/company\/3p-produits-plastiques-performants"]}]}},"_links":{"self":[{"href":"https:\/\/www.3pcorporate.com\/fr\/wp-json\/wp\/v2\/pages\/7243","targetHints":{"allow":["GET"]}}],"collection":[{"href":"https:\/\/www.3pcorporate.com\/fr\/wp-json\/wp\/v2\/pages"}],"about":[{"href":"https:\/\/www.3pcorporate.com\/fr\/wp-json\/wp\/v2\/types\/page"}],"author":[{"embeddable":true,"href":"https:\/\/www.3pcorporate.com\/fr\/wp-json\/wp\/v2\/users\/1"}],"replies":[{"embeddable":true,"href":"https:\/\/www.3pcorporate.com\/fr\/wp-json\/wp\/v2\/comments?post=7243"}],"version-history":[{"count":0,"href":"https:\/\/www.3pcorporate.com\/fr\/wp-json\/wp\/v2\/pages\/7243\/revisions"}],"wp:attachment":[{"href":"https:\/\/www.3pcorporate.com\/fr\/wp-json\/wp\/v2\/media?parent=7243"}],"curies":[{"name":"wp","href":"https:\/\/api.w.org\/{rel}","templated":true}]}}