{"id":6446,"date":"2021-11-03T12:02:24","date_gmt":"2021-11-03T11:02:24","guid":{"rendered":"https:\/\/www.3pcorporate.com\/\/materiaux\/moulage-par-injection-3p\/"},"modified":"2021-11-10T16:28:23","modified_gmt":"2021-11-10T15:28:23","slug":"moulage-par-injection-3p","status":"publish","type":"page","link":"https:\/\/www.3pcorporate.com\/fr\/materiaux\/moulage-par-injection-3p\/","title":{"rendered":"Moulage par injection 3P"},"content":{"rendered":"<p><div class=\"fusion-fullwidth fullwidth-box fusion-builder-row-1 fusion-flex-container hundred-percent-fullwidth non-hundred-percent-height-scrolling gradient-container-1\" style=\"--awb-border-radius-top-left:0px;--awb-border-radius-top-right:0px;--awb-border-radius-bottom-right:0px;--awb-border-radius-bottom-left:0px;--awb-padding-right:0px;--awb-padding-left:0px;--awb-flex-wrap:wrap;\" ><div class=\"fusion-builder-row fusion-row fusion-flex-align-items-flex-start fusion-flex-content-wrap\" style=\"width:104% !important;max-width:104% !important;margin-left: calc(-4% \/ 2 );margin-right: calc(-4% \/ 2 );\"><div class=\"fusion-layout-column fusion_builder_column fusion-builder-column-0 fusion_builder_column_1_1 1_1 fusion-flex-column\" style=\"--awb-bg-size:cover;--awb-width-large:100%;--awb-margin-top-large:0px;--awb-spacing-right-large:1.92%;--awb-margin-bottom-large:20px;--awb-spacing-left-large:1.92%;--awb-width-medium:100%;--awb-order-medium:0;--awb-spacing-right-medium:1.92%;--awb-spacing-left-medium:1.92%;--awb-width-small:100%;--awb-order-small:0;--awb-spacing-right-small:1.92%;--awb-spacing-left-small:1.92%;\"><div class=\"fusion-column-wrapper fusion-column-has-shadow fusion-flex-justify-content-flex-start fusion-content-layout-column\"><div class=\"elegant-particles-banner \" style=\"height:256px;background-image: url( https:\/\/www.3pcorporate.com\/\/wp-content\/uploads\/2021\/10\/peek.jpg );background-position: center center;background-color:#333333;background-size: cover;background-attachment: fixed;background-repeat: no-repeat;\" data-shape=\"polygon\" data-nb_sides=\"2\" data-shape_color=\"#d8d8d8\" data-number_of_particles=\"10\" data-density=\"enable\" data-density_value_area=\"100\" data-large_particle_size=\"1\" data-animate_particles=\"no\" data-shape_stroke_size=\"1\" data-shape_stroke_color=\"#ffffff\" data-line_color=\"#ffffff\"><div class=\"particles-js\" id=\"particles-js-3065479393\"><\/div><\/div><\/div><\/div><\/div><\/div><div class=\"fusion-fullwidth fullwidth-box fusion-builder-row-2 fusion-flex-container nonhundred-percent-fullwidth non-hundred-percent-height-scrolling gradient-container-2\" style=\"--awb-border-radius-top-left:0px;--awb-border-radius-top-right:0px;--awb-border-radius-bottom-right:0px;--awb-border-radius-bottom-left:0px;--awb-flex-wrap:wrap;\" ><div class=\"fusion-builder-row fusion-row fusion-flex-align-items-flex-start fusion-flex-content-wrap\" style=\"max-width:1185.6px;margin-left: calc(-4% \/ 2 );margin-right: calc(-4% \/ 2 );\"><div class=\"fusion-layout-column fusion_builder_column fusion-builder-column-1 fusion_builder_column_1_1 1_1 fusion-flex-column\" style=\"--awb-bg-size:cover;--awb-width-large:100%;--awb-margin-top-large:0px;--awb-spacing-right-large:1.92%;--awb-margin-bottom-large:20px;--awb-spacing-left-large:1.92%;--awb-width-medium:100%;--awb-order-medium:0;--awb-spacing-right-medium:1.92%;--awb-spacing-left-medium:1.92%;--awb-width-small:100%;--awb-order-small:0;--awb-spacing-right-small:1.92%;--awb-spacing-left-small:1.92%;\"><div class=\"fusion-column-wrapper fusion-column-has-shadow fusion-flex-justify-content-flex-start fusion-content-layout-column\"><div class=\"fusion-title title fusion-title-1 fusion-sep-none fusion-title-text fusion-title-size-one\" style=\"--awb-text-color:#1c60ab;--awb-margin-top-small:10px;--awb-margin-right-small:0px;--awb-margin-bottom-small:10px;--awb-margin-left-small:0px;--awb-font-size:2.4rem;\"><h1 class=\"fusion-title-heading title-heading-left fusion-responsive-typography-calculated\" style=\"font-family:&quot;Montserrat&quot;;font-style:normal;font-weight:600;margin:0;font-size:1em;--fontSize:38.4;line-height:0.94;\">Une gamme compl\u00e8te de mat\u00e9riaux inject\u00e9s<\/h1><\/div><div class=\"fusion-text fusion-text-1\"><p>En plus de l&rsquo;expertise de 3P dans le moulage par injection de PEEK et de polym\u00e8res fluor\u00e9s, le groupe 3P a int\u00e9gr\u00e9 l\u2019injection de plastiques techniques pour proposer des pi\u00e8ces comp\u00e9titives, adapt\u00e9es aux performances demand\u00e9es.<\/p>\n<\/div><\/div><\/div><\/div><\/div><div class=\"fusion-fullwidth fullwidth-box fusion-builder-row-3 fusion-flex-container nonhundred-percent-fullwidth non-hundred-percent-height-scrolling gradient-container-3\" style=\"--awb-border-radius-top-left:0px;--awb-border-radius-top-right:0px;--awb-border-radius-bottom-right:0px;--awb-border-radius-bottom-left:0px;--awb-background-color:#f7f7f7;--awb-flex-wrap:wrap;\" ><div class=\"fusion-builder-row fusion-row fusion-flex-align-items-flex-start fusion-flex-content-wrap\" style=\"max-width:1185.6px;margin-left: calc(-4% \/ 2 );margin-right: calc(-4% \/ 2 );\"><div class=\"fusion-layout-column fusion_builder_column fusion-builder-column-2 fusion_builder_column_1_1 1_1 fusion-flex-column\" style=\"--awb-bg-size:cover;--awb-width-large:100%;--awb-margin-top-large:20px;--awb-spacing-right-large:1.92%;--awb-margin-bottom-large:20px;--awb-spacing-left-large:1.92%;--awb-width-medium:100%;--awb-order-medium:0;--awb-spacing-right-medium:1.92%;--awb-spacing-left-medium:1.92%;--awb-width-small:100%;--awb-order-small:0;--awb-spacing-right-small:1.92%;--awb-spacing-left-small:1.92%;\"><div class=\"fusion-column-wrapper fusion-column-has-shadow fusion-flex-justify-content-flex-start fusion-content-layout-column\"><div class=\"elegant-expanding-sections elegant-expanding-section-1 ptfe-expand\"><div class=\"elegant-expanding-section-heading-area\"><div class=\"elegant-expanding-section-heading-wrapper\"><div class=\"elegant-expanding-section-title\" style=\"font-family: &#039;Montserrat&#039; ;font-weight: 500;font-size:28px;color:#1c60ab;\"><h2>Le moulage par injection de plastiques haute performance<\/h2><\/div><div class=\"elegant-expanding-section-description\" style=\"font-size:18px;color:#1c60ab;\"><\/div><\/div><div class=\"elegant-expanding-section-icon\" style=\"fill:#1c60ab;\"><svg xmlns=\"http:\/\/www.w3.org\/2000\/svg\" xmlns:xlink=\"http:\/\/www.w3.org\/1999\/xlink\" version=\"1.1\" id=\"Capa_1\" x=\"0px\" y=\"0px\" viewBox=\"0 0 512 512\" style=\"enable-background:new 0 0 512 512; width: 32px;\" xml:space=\"preserve\">\n<g transform=\"translate(1 1)\">\n\t<g>\n\t\t<path d=\"M489.667,233.667H276.333V20.333C276.333,8.551,266.782-1,255-1s-21.333,9.551-21.333,21.333v213.333H20.333    C8.551,233.667-1,243.218-1,255s9.551,21.333,21.333,21.333h213.333v213.333c0,11.782,9.551,21.333,21.333,21.333    s21.333-9.551,21.333-21.333V276.333h213.333c11.782,0,21.333-9.551,21.333-21.333S501.449,233.667,489.667,233.667z\"><\/path>\n\t<\/g>\n<\/g>\n<\/svg><\/div><\/div><div class=\"elegant-expanding-section-content-area\" style=\"display: none;\"><div class=\"elegant-expanding-section-content\">3P poss\u00e8de un solide savoir-faire dans le moulage par injection de thermoplastiques hautes performances et techniques, principalement : PEEK, PI (polyimide), FEP, PFA, PPS. Pour compl\u00e9ter la gamme, 3P utilise \u00e9galement du Polyamide et du POM.<\/p>\n<p>3P aide son client \u00e0 co-concevoir la pi\u00e8ce pour obtenir l&rsquo;offre la plus comp\u00e9titive avec les propri\u00e9t\u00e9s demand\u00e9es. Les experts de 3P peuvent \u00e9galement sugg\u00e9rer des compounds standards ou propri\u00e9taires pour r\u00e9pondre \u00e0 ces besoins.<\/p>\n<p>L&rsquo;usine historique de 3P Langres travaille pour des s\u00e9ries de gros volumes, alors que l\u2019usine de d\u2019OCP intervient pour les petites et moyennes s\u00e9ries. Les \u00e9quipes ont \u00e9galement d\u00e9velopp\u00e9 une solide exp\u00e9rience dans le moulage par injection de haute pr\u00e9cision. Plus de d\u00e9tails sont disponibles sur cette page.<\/div><\/div><\/div><\/div><\/div><\/div><\/div><div class=\"fusion-fullwidth fullwidth-box fusion-builder-row-4 fusion-flex-container nonhundred-percent-fullwidth non-hundred-percent-height-scrolling gradient-container-4\" style=\"--awb-border-radius-top-left:0px;--awb-border-radius-top-right:0px;--awb-border-radius-bottom-right:0px;--awb-border-radius-bottom-left:0px;--awb-flex-wrap:wrap;\" ><div class=\"fusion-builder-row fusion-row fusion-flex-align-items-flex-start fusion-flex-content-wrap\" style=\"max-width:1185.6px;margin-left: calc(-4% \/ 2 );margin-right: calc(-4% \/ 2 );\"><div class=\"fusion-layout-column fusion_builder_column fusion-builder-column-3 fusion_builder_column_1_1 1_1 fusion-flex-column\" style=\"--awb-bg-size:cover;--awb-width-large:100%;--awb-margin-top-large:20px;--awb-spacing-right-large:1.92%;--awb-margin-bottom-large:20px;--awb-spacing-left-large:1.92%;--awb-width-medium:100%;--awb-order-medium:0;--awb-spacing-right-medium:1.92%;--awb-spacing-left-medium:1.92%;--awb-width-small:100%;--awb-order-small:0;--awb-spacing-right-small:1.92%;--awb-spacing-left-small:1.92%;\"><div class=\"fusion-column-wrapper fusion-column-has-shadow fusion-flex-justify-content-flex-start fusion-content-layout-column\"><div class=\"elegant-expanding-sections elegant-expanding-section-2 \"><div class=\"elegant-expanding-section-heading-area\"><div class=\"elegant-expanding-section-heading-wrapper\"><div class=\"elegant-expanding-section-title\" style=\"font-family: &#039;Montserrat&#039; ;font-weight: 500;font-size:28px;color:#1c60ab;\"><h2>OCP soutient le groupe sur le moulage par injection de petites et moyennes s\u00e9ries<\/h2><\/div><div class=\"elegant-expanding-section-description\" style=\"font-family: &#039;Open Sans&#039; ;font-weight: 300;font-size:18px;color:#1c60ab;\"><\/div><\/div><div class=\"elegant-expanding-section-icon\" style=\"fill:#1c60ab;\"><svg xmlns=\"http:\/\/www.w3.org\/2000\/svg\" xmlns:xlink=\"http:\/\/www.w3.org\/1999\/xlink\" version=\"1.1\" id=\"Capa_1\" x=\"0px\" y=\"0px\" viewBox=\"0 0 512 512\" style=\"enable-background:new 0 0 512 512; width: 32px;\" xml:space=\"preserve\">\n<g transform=\"translate(1 1)\">\n\t<g>\n\t\t<path d=\"M489.667,233.667H276.333V20.333C276.333,8.551,266.782-1,255-1s-21.333,9.551-21.333,21.333v213.333H20.333    C8.551,233.667-1,243.218-1,255s9.551,21.333,21.333,21.333h213.333v213.333c0,11.782,9.551,21.333,21.333,21.333    s21.333-9.551,21.333-21.333V276.333h213.333c11.782,0,21.333-9.551,21.333-21.333S501.449,233.667,489.667,233.667z\"><\/path>\n\t<\/g>\n<\/g>\n<\/svg><\/div><\/div><div class=\"elegant-expanding-section-content-area\" style=\"display: none;\"><div class=\"elegant-expanding-section-content\">\n<p>Avec sa soci\u00e9t\u00e9 s\u0153ur Occitanie Plastiques, le groupe 3P dispose d&rsquo;un fort savoir-faire dans le moulage par injection pour les petites et moyennes s\u00e9ries.<\/p>\n<p>Occitanie Plastiques accompagne ses clients depuis 1975, d\u00e8s le d\u00e9but de leurs projets, pour tous les secteurs d&rsquo;activit\u00e9 et notamment l&rsquo;A\u00e9ronautique et la construction.<\/p>\n<p>Presque tous les thermoplastiques peuvent \u00eatre utilis\u00e9s, les plus courants \u00e9tant : ABS, PC, PA, PEEK, POM, PMMA&#8230;<\/p>\n<p>Occitanie Plastiques est sp\u00e9cialis\u00e9 dans :<\/p>\n<ul>\n<li>l&rsquo;Assistance aux bureaux d&rsquo;\u00e9tudes,<\/li>\n<li>la gestion de projet en r\u00e9alisation de moules,<\/li>\n<li>la fabrication d&rsquo;ensembles et pi\u00e8ces thermoplastiques \u00e0 base de mati\u00e8re plastique technique et haute performance<\/li>\n<\/ul>\n<p>L&rsquo;assistance comprend un atelier de moulage, pour l&rsquo;entretien des moules, les r\u00e9parations de base et la modification des moules multi ou mono empreintes, par des techniciens moulistes qualifi\u00e9s.<\/p>\n<\/div><\/div><\/div><\/div><\/div><\/div><\/div><div class=\"fusion-fullwidth fullwidth-box fusion-builder-row-5 fusion-flex-container nonhundred-percent-fullwidth non-hundred-percent-height-scrolling gradient-container-5\" style=\"--awb-border-radius-top-left:0px;--awb-border-radius-top-right:0px;--awb-border-radius-bottom-right:0px;--awb-border-radius-bottom-left:0px;--awb-background-color:#f7f7f7;--awb-flex-wrap:wrap;\" ><div class=\"fusion-builder-row fusion-row fusion-flex-align-items-flex-start fusion-flex-content-wrap\" style=\"max-width:1185.6px;margin-left: calc(-4% \/ 2 );margin-right: calc(-4% \/ 2 );\"><div class=\"fusion-layout-column fusion_builder_column fusion-builder-column-4 fusion_builder_column_1_1 1_1 fusion-flex-column\" style=\"--awb-bg-size:cover;--awb-width-large:100%;--awb-margin-top-large:20px;--awb-spacing-right-large:1.92%;--awb-margin-bottom-large:20px;--awb-spacing-left-large:1.92%;--awb-width-medium:100%;--awb-order-medium:0;--awb-spacing-right-medium:1.92%;--awb-spacing-left-medium:1.92%;--awb-width-small:100%;--awb-order-small:0;--awb-spacing-right-small:1.92%;--awb-spacing-left-small:1.92%;\"><div class=\"fusion-column-wrapper fusion-column-has-shadow fusion-flex-justify-content-flex-start fusion-content-layout-column\"><div class=\"elegant-expanding-sections elegant-expanding-section-3 \"><div class=\"elegant-expanding-section-heading-area\"><div class=\"elegant-expanding-section-heading-wrapper\"><div class=\"elegant-expanding-section-title\" style=\"font-family: &#039;Montserrat&#039; ;font-weight: 500;font-size:28px;color:#1c60ab;\"><h2>Applications<\/h2><\/div><div class=\"elegant-expanding-section-description\" style=\"font-family: &#039;Open Sans&#039; ;font-weight: 300;font-size:18px;color:#1c60ab;\"><\/div><\/div><div class=\"elegant-expanding-section-icon\" style=\"fill:#1c60ab;\"><svg xmlns=\"http:\/\/www.w3.org\/2000\/svg\" xmlns:xlink=\"http:\/\/www.w3.org\/1999\/xlink\" version=\"1.1\" id=\"Capa_1\" x=\"0px\" y=\"0px\" viewBox=\"0 0 512 512\" style=\"enable-background:new 0 0 512 512; width: 32px;\" xml:space=\"preserve\">\n<g transform=\"translate(1 1)\">\n\t<g>\n\t\t<path d=\"M489.667,233.667H276.333V20.333C276.333,8.551,266.782-1,255-1s-21.333,9.551-21.333,21.333v213.333H20.333    C8.551,233.667-1,243.218-1,255s9.551,21.333,21.333,21.333h213.333v213.333c0,11.782,9.551,21.333,21.333,21.333    s21.333-9.551,21.333-21.333V276.333h213.333c11.782,0,21.333-9.551,21.333-21.333S501.449,233.667,489.667,233.667z\"><\/path>\n\t<\/g>\n<\/g>\n<\/svg><\/div><\/div><div class=\"elegant-expanding-section-content-area\" style=\"display: none;\"><div class=\"elegant-expanding-section-content\">\n<p>Le groupe 3P intervient pour tous types d&rsquo;industries : a\u00e9ronautique, automobile, \u00e9nergie, m\u00e9dical, \u00e9lectrom\u00e9nager&#8230;<br \/>\nDe nombreuses options sont disponibles : sourcing d&rsquo;inserts, surmoulage, usinage, assemblage, marquage, peinture et finition.<\/p>\n<p>B\u00e9n\u00e9ficiez de :<\/p>\n<ul>\n<li>Notre r\u00e9activit\u00e9 (r\u00e9ponse rapide aux appels d&rsquo;offres et industrialisation rapide)<\/li>\n<li>Notre comp\u00e9titivit\u00e9, avec un panel vari\u00e9 de moulistes en Europe ou en Chine<\/li>\n<li>Notre expertise en injection<\/li>\n<li>Notre flexibilit\u00e9 et la diversit\u00e9 de nos \u00e9quipements pour les petites et grandes s\u00e9ries<\/li>\n<\/ul>\n<\/div><\/div><\/div><\/div><\/div><\/div><\/div><div class=\"fusion-fullwidth fullwidth-box fusion-builder-row-6 fusion-flex-container nonhundred-percent-fullwidth non-hundred-percent-height-scrolling gradient-container-6\" style=\"--awb-border-radius-top-left:0px;--awb-border-radius-top-right:0px;--awb-border-radius-bottom-right:0px;--awb-border-radius-bottom-left:0px;--awb-flex-wrap:wrap;\" ><div class=\"fusion-builder-row fusion-row fusion-flex-align-items-flex-start fusion-flex-content-wrap\" style=\"max-width:1185.6px;margin-left: calc(-4% \/ 2 );margin-right: calc(-4% \/ 2 );\"><div class=\"fusion-layout-column fusion_builder_column fusion-builder-column-5 fusion_builder_column_1_1 1_1 fusion-flex-column\" style=\"--awb-bg-size:cover;--awb-width-large:100%;--awb-margin-top-large:20px;--awb-spacing-right-large:1.92%;--awb-margin-bottom-large:20px;--awb-spacing-left-large:1.92%;--awb-width-medium:100%;--awb-order-medium:0;--awb-spacing-right-medium:1.92%;--awb-spacing-left-medium:1.92%;--awb-width-small:100%;--awb-order-small:0;--awb-spacing-right-small:1.92%;--awb-spacing-left-small:1.92%;\"><div class=\"fusion-column-wrapper fusion-column-has-shadow fusion-flex-justify-content-flex-start fusion-content-layout-column\"><\/div><\/div><\/div><\/div><\/p>\n","protected":false},"excerpt":{"rendered":"","protected":false},"author":1,"featured_media":0,"parent":6402,"menu_order":0,"comment_status":"closed","ping_status":"closed","template":"100-width.php","meta":{"footnotes":""},"class_list":["post-6446","page","type-page","status-publish","hentry"],"yoast_head":"<!-- This site is optimized with the Yoast SEO Premium plugin v26.1 (Yoast SEO v27.3) - https:\/\/yoast.com\/product\/yoast-seo-premium-wordpress\/ -->\n<title>Moulage par injection 3P - 3P Corporate<\/title>\n<meta name=\"description\" content=\"En plus de l&#039;expertise de 3P dans le moulage par injection de PEEK et de polym\u00e8res fluor\u00e9s, le groupe 3P a int\u00e9gr\u00e9 l\u2019injection de plastiques\" \/>\n<meta name=\"robots\" content=\"index, follow, max-snippet:-1, max-image-preview:large, max-video-preview:-1\" \/>\n<link rel=\"canonical\" href=\"https:\/\/www.3pcorporate.com\/fr\/materiaux\/moulage-par-injection-3p\/\" \/>\n<meta property=\"og:locale\" content=\"fr_FR\" \/>\n<meta property=\"og:type\" content=\"article\" \/>\n<meta property=\"og:title\" content=\"Moulage par injection 3P\" \/>\n<meta property=\"og:description\" content=\"En plus de l&#039;expertise de 3P dans le moulage par injection de PEEK et de polym\u00e8res fluor\u00e9s, le groupe 3P a int\u00e9gr\u00e9 l\u2019injection de plastiques\" \/>\n<meta property=\"og:url\" content=\"https:\/\/www.3pcorporate.com\/fr\/materiaux\/moulage-par-injection-3p\/\" \/>\n<meta property=\"og:site_name\" content=\"3P Corporate\" \/>\n<meta property=\"article:modified_time\" content=\"2021-11-10T15:28:23+00:00\" \/>\n<meta name=\"twitter:card\" content=\"summary_large_image\" \/>\n<meta name=\"twitter:label1\" content=\"Dur\u00e9e de lecture estim\u00e9e\" \/>\n\t<meta name=\"twitter:data1\" content=\"17 minutes\" \/>\n<script type=\"application\/ld+json\" class=\"yoast-schema-graph\">{\"@context\":\"https:\\\/\\\/schema.org\",\"@graph\":[{\"@type\":\"WebPage\",\"@id\":\"https:\\\/\\\/www.3pcorporate.com\\\/fr\\\/materiaux\\\/moulage-par-injection-3p\\\/\",\"url\":\"https:\\\/\\\/www.3pcorporate.com\\\/fr\\\/materiaux\\\/moulage-par-injection-3p\\\/\",\"name\":\"Moulage par injection 3P - 3P Corporate\",\"isPartOf\":{\"@id\":\"https:\\\/\\\/www.3pcorporate.com\\\/en\\\/#website\"},\"datePublished\":\"2021-11-03T11:02:24+00:00\",\"dateModified\":\"2021-11-10T15:28:23+00:00\",\"description\":\"En plus de l'expertise de 3P dans le moulage par injection de PEEK et de polym\u00e8res fluor\u00e9s, le groupe 3P a int\u00e9gr\u00e9 l\u2019injection de plastiques\",\"breadcrumb\":{\"@id\":\"https:\\\/\\\/www.3pcorporate.com\\\/fr\\\/materiaux\\\/moulage-par-injection-3p\\\/#breadcrumb\"},\"inLanguage\":\"fr-FR\",\"potentialAction\":[{\"@type\":\"ReadAction\",\"target\":[\"https:\\\/\\\/www.3pcorporate.com\\\/fr\\\/materiaux\\\/moulage-par-injection-3p\\\/\"]}]},{\"@type\":\"BreadcrumbList\",\"@id\":\"https:\\\/\\\/www.3pcorporate.com\\\/fr\\\/materiaux\\\/moulage-par-injection-3p\\\/#breadcrumb\",\"itemListElement\":[{\"@type\":\"ListItem\",\"position\":1,\"name\":\"Accueil\",\"item\":\"https:\\\/\\\/www.3pcorporate.com\\\/fr\\\/\"},{\"@type\":\"ListItem\",\"position\":2,\"name\":\"Mat\u00e9riaux\",\"item\":\"https:\\\/\\\/www.3pcorporate.com\\\/fr\\\/materiaux\\\/\"},{\"@type\":\"ListItem\",\"position\":3,\"name\":\"Moulage par injection 3P\"}]},{\"@type\":\"WebSite\",\"@id\":\"https:\\\/\\\/www.3pcorporate.com\\\/en\\\/#website\",\"url\":\"https:\\\/\\\/www.3pcorporate.com\\\/en\\\/\",\"name\":\"3P Corporate\",\"description\":\"Produits Plastiques Performants \",\"publisher\":{\"@id\":\"https:\\\/\\\/www.3pcorporate.com\\\/en\\\/#organization\"},\"potentialAction\":[{\"@type\":\"SearchAction\",\"target\":{\"@type\":\"EntryPoint\",\"urlTemplate\":\"https:\\\/\\\/www.3pcorporate.com\\\/en\\\/?s={search_term_string}\"},\"query-input\":{\"@type\":\"PropertyValueSpecification\",\"valueRequired\":true,\"valueName\":\"search_term_string\"}}],\"inLanguage\":\"fr-FR\"},{\"@type\":\"Organization\",\"@id\":\"https:\\\/\\\/www.3pcorporate.com\\\/en\\\/#organization\",\"name\":\"3P Corporate\",\"url\":\"https:\\\/\\\/www.3pcorporate.com\\\/en\\\/\",\"logo\":{\"@type\":\"ImageObject\",\"inLanguage\":\"fr-FR\",\"@id\":\"https:\\\/\\\/www.3pcorporate.com\\\/en\\\/#\\\/schema\\\/logo\\\/image\\\/\",\"url\":\"https:\\\/\\\/www.3pcorporate.com\\\/\\\/wp-content\\\/uploads\\\/2021\\\/09\\\/3P_logo-fr.png\",\"contentUrl\":\"https:\\\/\\\/www.3pcorporate.com\\\/\\\/wp-content\\\/uploads\\\/2021\\\/09\\\/3P_logo-fr.png\",\"width\":120,\"height\":98,\"caption\":\"3P Corporate\"},\"image\":{\"@id\":\"https:\\\/\\\/www.3pcorporate.com\\\/en\\\/#\\\/schema\\\/logo\\\/image\\\/\"},\"sameAs\":[\"https:\\\/\\\/fr.linkedin.com\\\/company\\\/3p-produits-plastiques-performants\"]}]}<\/script>\n<!-- \/ Yoast SEO Premium plugin. -->","yoast_head_json":{"title":"Moulage par injection 3P - 3P Corporate","description":"En plus de l'expertise de 3P dans le moulage par injection de PEEK et de polym\u00e8res fluor\u00e9s, le groupe 3P a int\u00e9gr\u00e9 l\u2019injection de plastiques","robots":{"index":"index","follow":"follow","max-snippet":"max-snippet:-1","max-image-preview":"max-image-preview:large","max-video-preview":"max-video-preview:-1"},"canonical":"https:\/\/www.3pcorporate.com\/fr\/materiaux\/moulage-par-injection-3p\/","og_locale":"fr_FR","og_type":"article","og_title":"Moulage par injection 3P","og_description":"En plus de l'expertise de 3P dans le moulage par injection de PEEK et de polym\u00e8res fluor\u00e9s, le groupe 3P a int\u00e9gr\u00e9 l\u2019injection de plastiques","og_url":"https:\/\/www.3pcorporate.com\/fr\/materiaux\/moulage-par-injection-3p\/","og_site_name":"3P Corporate","article_modified_time":"2021-11-10T15:28:23+00:00","twitter_card":"summary_large_image","twitter_misc":{"Dur\u00e9e de lecture estim\u00e9e":"17 minutes"},"schema":{"@context":"https:\/\/schema.org","@graph":[{"@type":"WebPage","@id":"https:\/\/www.3pcorporate.com\/fr\/materiaux\/moulage-par-injection-3p\/","url":"https:\/\/www.3pcorporate.com\/fr\/materiaux\/moulage-par-injection-3p\/","name":"Moulage par injection 3P - 3P Corporate","isPartOf":{"@id":"https:\/\/www.3pcorporate.com\/en\/#website"},"datePublished":"2021-11-03T11:02:24+00:00","dateModified":"2021-11-10T15:28:23+00:00","description":"En plus de l'expertise de 3P dans le moulage par injection de PEEK et de polym\u00e8res fluor\u00e9s, le groupe 3P a int\u00e9gr\u00e9 l\u2019injection de plastiques","breadcrumb":{"@id":"https:\/\/www.3pcorporate.com\/fr\/materiaux\/moulage-par-injection-3p\/#breadcrumb"},"inLanguage":"fr-FR","potentialAction":[{"@type":"ReadAction","target":["https:\/\/www.3pcorporate.com\/fr\/materiaux\/moulage-par-injection-3p\/"]}]},{"@type":"BreadcrumbList","@id":"https:\/\/www.3pcorporate.com\/fr\/materiaux\/moulage-par-injection-3p\/#breadcrumb","itemListElement":[{"@type":"ListItem","position":1,"name":"Accueil","item":"https:\/\/www.3pcorporate.com\/fr\/"},{"@type":"ListItem","position":2,"name":"Mat\u00e9riaux","item":"https:\/\/www.3pcorporate.com\/fr\/materiaux\/"},{"@type":"ListItem","position":3,"name":"Moulage par injection 3P"}]},{"@type":"WebSite","@id":"https:\/\/www.3pcorporate.com\/en\/#website","url":"https:\/\/www.3pcorporate.com\/en\/","name":"3P Corporate","description":"Produits Plastiques Performants ","publisher":{"@id":"https:\/\/www.3pcorporate.com\/en\/#organization"},"potentialAction":[{"@type":"SearchAction","target":{"@type":"EntryPoint","urlTemplate":"https:\/\/www.3pcorporate.com\/en\/?s={search_term_string}"},"query-input":{"@type":"PropertyValueSpecification","valueRequired":true,"valueName":"search_term_string"}}],"inLanguage":"fr-FR"},{"@type":"Organization","@id":"https:\/\/www.3pcorporate.com\/en\/#organization","name":"3P Corporate","url":"https:\/\/www.3pcorporate.com\/en\/","logo":{"@type":"ImageObject","inLanguage":"fr-FR","@id":"https:\/\/www.3pcorporate.com\/en\/#\/schema\/logo\/image\/","url":"https:\/\/www.3pcorporate.com\/\/wp-content\/uploads\/2021\/09\/3P_logo-fr.png","contentUrl":"https:\/\/www.3pcorporate.com\/\/wp-content\/uploads\/2021\/09\/3P_logo-fr.png","width":120,"height":98,"caption":"3P Corporate"},"image":{"@id":"https:\/\/www.3pcorporate.com\/en\/#\/schema\/logo\/image\/"},"sameAs":["https:\/\/fr.linkedin.com\/company\/3p-produits-plastiques-performants"]}]}},"_links":{"self":[{"href":"https:\/\/www.3pcorporate.com\/fr\/wp-json\/wp\/v2\/pages\/6446","targetHints":{"allow":["GET"]}}],"collection":[{"href":"https:\/\/www.3pcorporate.com\/fr\/wp-json\/wp\/v2\/pages"}],"about":[{"href":"https:\/\/www.3pcorporate.com\/fr\/wp-json\/wp\/v2\/types\/page"}],"author":[{"embeddable":true,"href":"https:\/\/www.3pcorporate.com\/fr\/wp-json\/wp\/v2\/users\/1"}],"replies":[{"embeddable":true,"href":"https:\/\/www.3pcorporate.com\/fr\/wp-json\/wp\/v2\/comments?post=6446"}],"version-history":[{"count":0,"href":"https:\/\/www.3pcorporate.com\/fr\/wp-json\/wp\/v2\/pages\/6446\/revisions"}],"up":[{"embeddable":true,"href":"https:\/\/www.3pcorporate.com\/fr\/wp-json\/wp\/v2\/pages\/6402"}],"wp:attachment":[{"href":"https:\/\/www.3pcorporate.com\/fr\/wp-json\/wp\/v2\/media?parent=6446"}],"curies":[{"name":"wp","href":"https:\/\/api.w.org\/{rel}","templated":true}]}}