{"id":6349,"date":"2021-10-28T14:16:52","date_gmt":"2021-10-28T12:16:52","guid":{"rendered":"https:\/\/www.3pcorporate.com\/\/qualite-et-excellence\/politique-de-qualite\/"},"modified":"2024-07-02T13:56:46","modified_gmt":"2024-07-02T11:56:46","slug":"politique-de-qualite","status":"publish","type":"page","link":"https:\/\/www.3pcorporate.com\/fr\/apropos\/qualite-et-excellence\/politique-de-qualite\/","title":{"rendered":"Politique de qualit\u00e9"},"content":{"rendered":"<p><div class=\"fusion-fullwidth fullwidth-box fusion-builder-row-1 fusion-flex-container hundred-percent-fullwidth non-hundred-percent-height-scrolling gradient-container-1\" style=\"--awb-border-radius-top-left:0px;--awb-border-radius-top-right:0px;--awb-border-radius-bottom-right:0px;--awb-border-radius-bottom-left:0px;--awb-padding-right:0px;--awb-padding-left:0px;--awb-flex-wrap:wrap;\" ><div class=\"fusion-builder-row fusion-row fusion-flex-align-items-flex-start fusion-flex-content-wrap\" style=\"width:104% !important;max-width:104% !important;margin-left: calc(-4% \/ 2 );margin-right: calc(-4% \/ 2 );\"><div class=\"fusion-layout-column fusion_builder_column fusion-builder-column-0 fusion_builder_column_1_1 1_1 fusion-flex-column\" style=\"--awb-bg-size:cover;--awb-width-large:100%;--awb-margin-top-large:0px;--awb-spacing-right-large:1.92%;--awb-margin-bottom-large:20px;--awb-spacing-left-large:1.92%;--awb-width-medium:100%;--awb-order-medium:0;--awb-spacing-right-medium:1.92%;--awb-spacing-left-medium:1.92%;--awb-width-small:100%;--awb-order-small:0;--awb-spacing-right-small:1.92%;--awb-spacing-left-small:1.92%;\"><div class=\"fusion-column-wrapper fusion-column-has-shadow fusion-flex-justify-content-flex-start fusion-content-layout-column\"><div class=\"elegant-particles-banner \" style=\"height:256px;background-image: url( https:\/\/www.3pcorporate.com\/\/wp-content\/uploads\/2021\/10\/banniere_1920px-2.jpg );background-position: center center;background-color:#333333;background-size: cover;\" data-shape=\"polygon\" data-nb_sides=\"2\" data-shape_color=\"#d8d8d8\" data-number_of_particles=\"10\" data-density=\"enable\" data-density_value_area=\"100\" data-large_particle_size=\"1\" data-animate_particles=\"no\" data-shape_stroke_size=\"1\" data-shape_stroke_color=\"#ffffff\" data-line_color=\"#ffffff\"><div class=\"particles-js\" id=\"particles-js-1497610130\"><\/div><\/div><\/div><\/div><\/div><\/div><div class=\"fusion-fullwidth fullwidth-box fusion-builder-row-2 fusion-flex-container nonhundred-percent-fullwidth non-hundred-percent-height-scrolling gradient-container-2\" style=\"--awb-border-radius-top-left:0px;--awb-border-radius-top-right:0px;--awb-border-radius-bottom-right:0px;--awb-border-radius-bottom-left:0px;--awb-flex-wrap:wrap;\" ><div class=\"fusion-builder-row fusion-row fusion-flex-align-items-flex-start fusion-flex-content-wrap\" style=\"max-width:1185.6px;margin-left: calc(-4% \/ 2 );margin-right: calc(-4% \/ 2 );\"><div class=\"fusion-layout-column fusion_builder_column fusion-builder-column-1 fusion_builder_column_1_1 1_1 fusion-flex-column\" style=\"--awb-bg-size:cover;--awb-width-large:100%;--awb-margin-top-large:0px;--awb-spacing-right-large:1.92%;--awb-margin-bottom-large:20px;--awb-spacing-left-large:1.92%;--awb-width-medium:100%;--awb-order-medium:0;--awb-spacing-right-medium:1.92%;--awb-spacing-left-medium:1.92%;--awb-width-small:100%;--awb-order-small:0;--awb-spacing-right-small:1.92%;--awb-spacing-left-small:1.92%;\"><div class=\"fusion-column-wrapper fusion-column-has-shadow fusion-flex-justify-content-flex-start fusion-content-layout-column\"><div class=\"fusion-title title fusion-title-1 fusion-sep-none fusion-title-text fusion-title-size-one fusion-animated\" style=\"--awb-text-color:#1c60ab;--awb-margin-top-small:10px;--awb-margin-right-small:0px;--awb-margin-bottom-small:10px;--awb-margin-left-small:0px;--awb-font-size:2.4rem;\" data-animationType=\"fadeInLeft\" data-animationDuration=\"0.9\" data-animationOffset=\"top-into-view\"><h1 class=\"fusion-title-heading title-heading-left fusion-responsive-typography-calculated\" style=\"font-family:&quot;Montserrat&quot;;font-style:normal;font-weight:600;margin:0;font-size:1em;--fontSize:38.4;line-height:0.94;\">Politique Qualit\u00e9, S\u00e9curit\u00e9, Environnement du Groupe 3P<\/h1><\/div><div class=\"elegant-empty-space space-vertical fusion-clearfix \" style=\"height:10px;\"><\/div><div class=\"fusion-text fusion-text-1\"><p><img decoding=\"async\" class=\"lazyload alignleft wp-image-4548\" src=\"data:image\/svg+xml,%3Csvg%20xmlns%3D%27http%3A%2F%2Fwww.w3.org%2F2000%2Fsvg%27%20width%3D%2781%27%20height%3D%2749%27%20viewBox%3D%270%200%2081%2049%27%3E%3Crect%20width%3D%2781%27%20height%3D%2749%27%20fill-opacity%3D%220%22%2F%3E%3C%2Fsvg%3E\" data-orig-src=\"https:\/\/www.3pcorporate.com\/\/wp-content\/uploads\/2021\/10\/3p_logo2.png\" alt=\"\" width=\"81\" height=\"49\" \/><\/p>\n<p>Est reconnu comme un leader mondial incontournable de la transformation du PTFE et autres polym\u00e8res hautes performances.Son savoir-faire, d\u00e9velopp\u00e9 et p\u00e9rennis\u00e9 depuis plus d\u2019un demi-si\u00e8cle, repose sur une technicit\u00e9 et une connaissance approfondie des mat\u00e9riaux mis en \u0153uvre pour offrir des solutions innovantes \u00e0 des d\u00e9fis de plus en plus complexes.<\/p>\n<p>Dans un contexte \u00e9conomique, g\u00e9opolitique, sanitaire et social tr\u00e8s perturb\u00e9, o\u00f9 la volatilit\u00e9 fait d\u00e9sormais partie des constantes, nous avons la volont\u00e9 de consolider notre position sur les march\u00e9s \u00a0historiques que sont l\u2019A\u00e9ronautique et \u00a0l\u2019Automobile. Conscient \u00e9galement que l\u2019industrie vit une p\u00e9riode de profonde mutation technologique, \u00a0nous \u00e9tudions avec opportunisme les secteurs dans lesquels notre connaissance des mat\u00e9riaux peut nous ouvrir de nouvelles perspectives.<\/p>\n<p class=\"column50\" style=\"padding-left: 160px;\"><strong>Notre strat\u00e9gie repose sur 4<\/strong><br \/>\n<strong>piliers fondamentaux (4I) qui<\/strong><br \/>\n<strong>orientent nos objectifs et guident<\/strong><br \/>\n<strong>nos d\u00e9cisions<\/strong><\/p>\n<div class=\"column50\" style=\"text-align: center;\"><img class=\"lazyload\" decoding=\"async\" src=\"data:image\/svg+xml,%3Csvg%20xmlns%3D%27http%3A%2F%2Fwww.w3.org%2F2000%2Fsvg%27%20width%3D%27470%27%20height%3D%27188%27%20viewBox%3D%270%200%20470%20188%27%3E%3Crect%20width%3D%27470%27%20height%3D%27188%27%20fill-opacity%3D%220%22%2F%3E%3C%2Fsvg%3E\" data-orig-src=\"https:\/\/www.3pcorporate.com\/wp-content\/uploads\/2024\/06\/Les-4-I.png\" alt=\"\" width=\"470\" height=\"188\" \/><\/div>\n<p>Notre Syst\u00e8me de Management Qualit\u00e9, S\u00e9curit\u00e9 et Environnement offre le socle sur lequel peut se d\u00e9velopper cette strat\u00e9gie. Plus que des principes organisationnels, il porte les valeurs du groupe 3P, \u00e9tablies sur le respect des hommes, de l\u2019environnement, et des exigences de nos clients et partenaires. Nous recherchons \u00e0 travers lui, l\u2019efficacit\u00e9 de nos m\u00e9thodes de travail bas\u00e9es sur une approche par l\u2019analyse de risques, les principes de l\u2019am\u00e9lioration continue et respectueuse des r\u00e9glementations en vigueur.<\/p>\n<p>Notre personnel constitue notre meilleur atout. Nous partageons ensemble les m\u00eames valeurs, les m\u00eames ambitions et les m\u00eames objectifs\u00a0:<\/p>\n<ul>\n<li><span style=\"color: #1c60ab;\"><em>Le respect de la personne, des r\u00e8gles de s\u00e9curit\u00e9 et de l\u2019outil de travail (AT, TF, TG)<\/em><\/span><\/li>\n<li><span style=\"color: #1c60ab;\"><em>La satisfaction de nos clients (R\u00e9clamations, OTD, cotations)<\/em><\/span><\/li>\n<li><span style=\"color: #1c60ab;\"><em>L\u2019ind\u00e9pendance financi\u00e8re (Dette), <\/em><\/span><\/li>\n<li><span style=\"color: #1c60ab;\"><em>L\u2019efficacit\u00e9 et la rentabilit\u00e9 de nos activit\u00e9s (Marge Op\u00e9rationnelle), <\/em><\/span><\/li>\n<li><span style=\"color: #1c60ab;\"><em>La croissance et le d\u00e9veloppement \u00e0 l\u2019\u00e9chelle mondiale (CA projet)<\/em><\/span><\/li>\n<li><span style=\"color: #1c60ab;\"><em>Des comportements \u00e9coresponsables pour la protection de l\u2019environnement et une consommation \u00e9nerg\u00e9tique raisonn\u00e9e (Plan d\u2019action Energie)<\/em><\/span><\/li>\n<li><span style=\"color: #283f92;\"><em><span style=\"color: #1c60ab;\">Une d\u00e9marche proactive sur les \u00e9volutions r\u00e8glementaires et les enjeux industriels associ\u00e9s (PFAS\u2026)<\/span>.<\/em><\/span><\/li>\n<\/ul>\n<p>En tant que Pr\u00e9sident Directeur G\u00e9n\u00e9ral de la soci\u00e9t\u00e9 3P, je serai attentif \u00e0 ce que cette politique soit connue, comprise et appliqu\u00e9e. Elle est le garant de notre p\u00e9rennit\u00e9, de la reconnaissance et de la fid\u00e9lit\u00e9 de nos clients.<\/p>\n<p>Je m\u2019engage \u00e0 allouer les ressources n\u00e9cessaires \u00e0 sa mise \u00e0 \u0153uvre pour l\u2019atteinte des objectifs chiffr\u00e9s \u00e9tablis annuellement, et je m\u2019impliquerai personnellement dans l\u2019\u00e9valuation de son efficacit\u00e9.<\/p>\n<p style=\"text-align: right;\"><strong>Serge REIG<\/strong><br \/>\n<strong>Pr\u00e9sident &#8211; Directeur G\u00e9n\u00e9ral de 3P<\/strong><br \/>\n04 Novembre 2023<\/p>\n<\/div><\/div><\/div><\/div><\/div><\/p>\n","protected":false},"excerpt":{"rendered":"","protected":false},"author":1,"featured_media":0,"parent":6340,"menu_order":0,"comment_status":"closed","ping_status":"closed","template":"100-width.php","meta":{"footnotes":""},"class_list":["post-6349","page","type-page","status-publish","hentry"],"yoast_head":"<!-- This site is optimized with the Yoast SEO Premium plugin v26.1 (Yoast SEO v27.3) - https:\/\/yoast.com\/product\/yoast-seo-premium-wordpress\/ -->\n<title>Politique de qualit\u00e9 - 3P Corporate<\/title>\n<meta name=\"robots\" content=\"index, follow, max-snippet:-1, max-image-preview:large, max-video-preview:-1\" \/>\n<link rel=\"canonical\" href=\"https:\/\/www.3pcorporate.com\/fr\/apropos\/qualite-et-excellence\/politique-de-qualite\/\" \/>\n<meta property=\"og:locale\" content=\"fr_FR\" \/>\n<meta property=\"og:type\" content=\"article\" \/>\n<meta property=\"og:title\" content=\"Politique de qualit\u00e9\" \/>\n<meta property=\"og:url\" content=\"https:\/\/www.3pcorporate.com\/fr\/apropos\/qualite-et-excellence\/politique-de-qualite\/\" \/>\n<meta property=\"og:site_name\" content=\"3P Corporate\" \/>\n<meta property=\"article:modified_time\" content=\"2024-07-02T11:56:46+00:00\" \/>\n<meta property=\"og:image\" content=\"https:\/\/www.3pcorporate.com\/\/wp-content\/uploads\/2021\/10\/3p_logo2.png\" \/>\n<meta name=\"twitter:card\" content=\"summary_large_image\" \/>\n<meta name=\"twitter:label1\" content=\"Dur\u00e9e de lecture estim\u00e9e\" \/>\n\t<meta name=\"twitter:data1\" content=\"3 minutes\" \/>\n<script type=\"application\/ld+json\" class=\"yoast-schema-graph\">{\"@context\":\"https:\\\/\\\/schema.org\",\"@graph\":[{\"@type\":\"WebPage\",\"@id\":\"https:\\\/\\\/www.3pcorporate.com\\\/fr\\\/apropos\\\/qualite-et-excellence\\\/politique-de-qualite\\\/\",\"url\":\"https:\\\/\\\/www.3pcorporate.com\\\/fr\\\/apropos\\\/qualite-et-excellence\\\/politique-de-qualite\\\/\",\"name\":\"Politique de qualit\u00e9 - 3P Corporate\",\"isPartOf\":{\"@id\":\"https:\\\/\\\/www.3pcorporate.com\\\/en\\\/#website\"},\"primaryImageOfPage\":{\"@id\":\"https:\\\/\\\/www.3pcorporate.com\\\/fr\\\/apropos\\\/qualite-et-excellence\\\/politique-de-qualite\\\/#primaryimage\"},\"image\":{\"@id\":\"https:\\\/\\\/www.3pcorporate.com\\\/fr\\\/apropos\\\/qualite-et-excellence\\\/politique-de-qualite\\\/#primaryimage\"},\"thumbnailUrl\":\"https:\\\/\\\/www.3pcorporate.com\\\/\\\/wp-content\\\/uploads\\\/2021\\\/10\\\/3p_logo2.png\",\"datePublished\":\"2021-10-28T12:16:52+00:00\",\"dateModified\":\"2024-07-02T11:56:46+00:00\",\"breadcrumb\":{\"@id\":\"https:\\\/\\\/www.3pcorporate.com\\\/fr\\\/apropos\\\/qualite-et-excellence\\\/politique-de-qualite\\\/#breadcrumb\"},\"inLanguage\":\"fr-FR\",\"potentialAction\":[{\"@type\":\"ReadAction\",\"target\":[\"https:\\\/\\\/www.3pcorporate.com\\\/fr\\\/apropos\\\/qualite-et-excellence\\\/politique-de-qualite\\\/\"]}]},{\"@type\":\"ImageObject\",\"inLanguage\":\"fr-FR\",\"@id\":\"https:\\\/\\\/www.3pcorporate.com\\\/fr\\\/apropos\\\/qualite-et-excellence\\\/politique-de-qualite\\\/#primaryimage\",\"url\":\"https:\\\/\\\/www.3pcorporate.com\\\/\\\/wp-content\\\/uploads\\\/2021\\\/10\\\/3p_logo2.png\",\"contentUrl\":\"https:\\\/\\\/www.3pcorporate.com\\\/\\\/wp-content\\\/uploads\\\/2021\\\/10\\\/3p_logo2.png\"},{\"@type\":\"BreadcrumbList\",\"@id\":\"https:\\\/\\\/www.3pcorporate.com\\\/fr\\\/apropos\\\/qualite-et-excellence\\\/politique-de-qualite\\\/#breadcrumb\",\"itemListElement\":[{\"@type\":\"ListItem\",\"position\":1,\"name\":\"Accueil\",\"item\":\"https:\\\/\\\/www.3pcorporate.com\\\/fr\\\/\"},{\"@type\":\"ListItem\",\"position\":2,\"name\":\"L&rsquo;entreprise\",\"item\":\"https:\\\/\\\/www.3pcorporate.com\\\/fr\\\/apropos\\\/\"},{\"@type\":\"ListItem\",\"position\":3,\"name\":\"Qualit\u00e9 et excellence\",\"item\":\"https:\\\/\\\/www.3pcorporate.com\\\/fr\\\/apropos\\\/qualite-et-excellence\\\/\"},{\"@type\":\"ListItem\",\"position\":4,\"name\":\"Politique de qualit\u00e9\"}]},{\"@type\":\"WebSite\",\"@id\":\"https:\\\/\\\/www.3pcorporate.com\\\/en\\\/#website\",\"url\":\"https:\\\/\\\/www.3pcorporate.com\\\/en\\\/\",\"name\":\"3P Corporate\",\"description\":\"Produits Plastiques Performants \",\"publisher\":{\"@id\":\"https:\\\/\\\/www.3pcorporate.com\\\/en\\\/#organization\"},\"potentialAction\":[{\"@type\":\"SearchAction\",\"target\":{\"@type\":\"EntryPoint\",\"urlTemplate\":\"https:\\\/\\\/www.3pcorporate.com\\\/en\\\/?s={search_term_string}\"},\"query-input\":{\"@type\":\"PropertyValueSpecification\",\"valueRequired\":true,\"valueName\":\"search_term_string\"}}],\"inLanguage\":\"fr-FR\"},{\"@type\":\"Organization\",\"@id\":\"https:\\\/\\\/www.3pcorporate.com\\\/en\\\/#organization\",\"name\":\"3P Corporate\",\"url\":\"https:\\\/\\\/www.3pcorporate.com\\\/en\\\/\",\"logo\":{\"@type\":\"ImageObject\",\"inLanguage\":\"fr-FR\",\"@id\":\"https:\\\/\\\/www.3pcorporate.com\\\/en\\\/#\\\/schema\\\/logo\\\/image\\\/\",\"url\":\"https:\\\/\\\/www.3pcorporate.com\\\/\\\/wp-content\\\/uploads\\\/2021\\\/09\\\/3P_logo-fr.png\",\"contentUrl\":\"https:\\\/\\\/www.3pcorporate.com\\\/\\\/wp-content\\\/uploads\\\/2021\\\/09\\\/3P_logo-fr.png\",\"width\":120,\"height\":98,\"caption\":\"3P Corporate\"},\"image\":{\"@id\":\"https:\\\/\\\/www.3pcorporate.com\\\/en\\\/#\\\/schema\\\/logo\\\/image\\\/\"},\"sameAs\":[\"https:\\\/\\\/fr.linkedin.com\\\/company\\\/3p-produits-plastiques-performants\"]}]}<\/script>\n<!-- \/ Yoast SEO Premium plugin. -->","yoast_head_json":{"title":"Politique de qualit\u00e9 - 3P Corporate","robots":{"index":"index","follow":"follow","max-snippet":"max-snippet:-1","max-image-preview":"max-image-preview:large","max-video-preview":"max-video-preview:-1"},"canonical":"https:\/\/www.3pcorporate.com\/fr\/apropos\/qualite-et-excellence\/politique-de-qualite\/","og_locale":"fr_FR","og_type":"article","og_title":"Politique de qualit\u00e9","og_url":"https:\/\/www.3pcorporate.com\/fr\/apropos\/qualite-et-excellence\/politique-de-qualite\/","og_site_name":"3P Corporate","article_modified_time":"2024-07-02T11:56:46+00:00","og_image":[{"url":"https:\/\/www.3pcorporate.com\/\/wp-content\/uploads\/2021\/10\/3p_logo2.png","type":"","width":"","height":""}],"twitter_card":"summary_large_image","twitter_misc":{"Dur\u00e9e de lecture estim\u00e9e":"3 minutes"},"schema":{"@context":"https:\/\/schema.org","@graph":[{"@type":"WebPage","@id":"https:\/\/www.3pcorporate.com\/fr\/apropos\/qualite-et-excellence\/politique-de-qualite\/","url":"https:\/\/www.3pcorporate.com\/fr\/apropos\/qualite-et-excellence\/politique-de-qualite\/","name":"Politique de qualit\u00e9 - 3P Corporate","isPartOf":{"@id":"https:\/\/www.3pcorporate.com\/en\/#website"},"primaryImageOfPage":{"@id":"https:\/\/www.3pcorporate.com\/fr\/apropos\/qualite-et-excellence\/politique-de-qualite\/#primaryimage"},"image":{"@id":"https:\/\/www.3pcorporate.com\/fr\/apropos\/qualite-et-excellence\/politique-de-qualite\/#primaryimage"},"thumbnailUrl":"https:\/\/www.3pcorporate.com\/\/wp-content\/uploads\/2021\/10\/3p_logo2.png","datePublished":"2021-10-28T12:16:52+00:00","dateModified":"2024-07-02T11:56:46+00:00","breadcrumb":{"@id":"https:\/\/www.3pcorporate.com\/fr\/apropos\/qualite-et-excellence\/politique-de-qualite\/#breadcrumb"},"inLanguage":"fr-FR","potentialAction":[{"@type":"ReadAction","target":["https:\/\/www.3pcorporate.com\/fr\/apropos\/qualite-et-excellence\/politique-de-qualite\/"]}]},{"@type":"ImageObject","inLanguage":"fr-FR","@id":"https:\/\/www.3pcorporate.com\/fr\/apropos\/qualite-et-excellence\/politique-de-qualite\/#primaryimage","url":"https:\/\/www.3pcorporate.com\/\/wp-content\/uploads\/2021\/10\/3p_logo2.png","contentUrl":"https:\/\/www.3pcorporate.com\/\/wp-content\/uploads\/2021\/10\/3p_logo2.png"},{"@type":"BreadcrumbList","@id":"https:\/\/www.3pcorporate.com\/fr\/apropos\/qualite-et-excellence\/politique-de-qualite\/#breadcrumb","itemListElement":[{"@type":"ListItem","position":1,"name":"Accueil","item":"https:\/\/www.3pcorporate.com\/fr\/"},{"@type":"ListItem","position":2,"name":"L&rsquo;entreprise","item":"https:\/\/www.3pcorporate.com\/fr\/apropos\/"},{"@type":"ListItem","position":3,"name":"Qualit\u00e9 et excellence","item":"https:\/\/www.3pcorporate.com\/fr\/apropos\/qualite-et-excellence\/"},{"@type":"ListItem","position":4,"name":"Politique de qualit\u00e9"}]},{"@type":"WebSite","@id":"https:\/\/www.3pcorporate.com\/en\/#website","url":"https:\/\/www.3pcorporate.com\/en\/","name":"3P Corporate","description":"Produits Plastiques Performants ","publisher":{"@id":"https:\/\/www.3pcorporate.com\/en\/#organization"},"potentialAction":[{"@type":"SearchAction","target":{"@type":"EntryPoint","urlTemplate":"https:\/\/www.3pcorporate.com\/en\/?s={search_term_string}"},"query-input":{"@type":"PropertyValueSpecification","valueRequired":true,"valueName":"search_term_string"}}],"inLanguage":"fr-FR"},{"@type":"Organization","@id":"https:\/\/www.3pcorporate.com\/en\/#organization","name":"3P Corporate","url":"https:\/\/www.3pcorporate.com\/en\/","logo":{"@type":"ImageObject","inLanguage":"fr-FR","@id":"https:\/\/www.3pcorporate.com\/en\/#\/schema\/logo\/image\/","url":"https:\/\/www.3pcorporate.com\/\/wp-content\/uploads\/2021\/09\/3P_logo-fr.png","contentUrl":"https:\/\/www.3pcorporate.com\/\/wp-content\/uploads\/2021\/09\/3P_logo-fr.png","width":120,"height":98,"caption":"3P Corporate"},"image":{"@id":"https:\/\/www.3pcorporate.com\/en\/#\/schema\/logo\/image\/"},"sameAs":["https:\/\/fr.linkedin.com\/company\/3p-produits-plastiques-performants"]}]}},"_links":{"self":[{"href":"https:\/\/www.3pcorporate.com\/fr\/wp-json\/wp\/v2\/pages\/6349","targetHints":{"allow":["GET"]}}],"collection":[{"href":"https:\/\/www.3pcorporate.com\/fr\/wp-json\/wp\/v2\/pages"}],"about":[{"href":"https:\/\/www.3pcorporate.com\/fr\/wp-json\/wp\/v2\/types\/page"}],"author":[{"embeddable":true,"href":"https:\/\/www.3pcorporate.com\/fr\/wp-json\/wp\/v2\/users\/1"}],"replies":[{"embeddable":true,"href":"https:\/\/www.3pcorporate.com\/fr\/wp-json\/wp\/v2\/comments?post=6349"}],"version-history":[{"count":12,"href":"https:\/\/www.3pcorporate.com\/fr\/wp-json\/wp\/v2\/pages\/6349\/revisions"}],"predecessor-version":[{"id":7857,"href":"https:\/\/www.3pcorporate.com\/fr\/wp-json\/wp\/v2\/pages\/6349\/revisions\/7857"}],"up":[{"embeddable":true,"href":"https:\/\/www.3pcorporate.com\/fr\/wp-json\/wp\/v2\/pages\/6340"}],"wp:attachment":[{"href":"https:\/\/www.3pcorporate.com\/fr\/wp-json\/wp\/v2\/media?parent=6349"}],"curies":[{"name":"wp","href":"https:\/\/api.w.org\/{rel}","templated":true}]}}