{"id":6337,"date":"2021-10-28T14:07:08","date_gmt":"2021-10-28T12:07:08","guid":{"rendered":"https:\/\/www.3pcorporate.com\/\/notre-histoire\/"},"modified":"2022-03-25T11:56:24","modified_gmt":"2022-03-25T10:56:24","slug":"histoire","status":"publish","type":"page","link":"https:\/\/www.3pcorporate.com\/fr\/apropos\/histoire\/","title":{"rendered":"Notre histoire"},"content":{"rendered":"<p><div class=\"fusion-fullwidth fullwidth-box fusion-builder-row-1 fusion-flex-container hundred-percent-fullwidth non-hundred-percent-height-scrolling gradient-container-1\" style=\"--awb-border-radius-top-left:0px;--awb-border-radius-top-right:0px;--awb-border-radius-bottom-right:0px;--awb-border-radius-bottom-left:0px;--awb-padding-right:0px;--awb-padding-left:0px;--awb-background-color:#f7f7f7;--awb-flex-wrap:wrap;\" ><div class=\"fusion-builder-row fusion-row fusion-flex-align-items-flex-start fusion-flex-content-wrap\" style=\"width:104% !important;max-width:104% !important;margin-left: calc(-4% \/ 2 );margin-right: calc(-4% \/ 2 );\"><div class=\"fusion-layout-column fusion_builder_column fusion-builder-column-0 fusion_builder_column_1_1 1_1 fusion-flex-column\" style=\"--awb-bg-size:cover;--awb-width-large:100%;--awb-margin-top-large:0px;--awb-spacing-right-large:1.92%;--awb-margin-bottom-large:20px;--awb-spacing-left-large:1.92%;--awb-width-medium:100%;--awb-order-medium:0;--awb-spacing-right-medium:1.92%;--awb-spacing-left-medium:1.92%;--awb-width-small:100%;--awb-order-small:0;--awb-spacing-right-small:1.92%;--awb-spacing-left-small:1.92%;\"><div class=\"fusion-column-wrapper fusion-column-has-shadow fusion-flex-justify-content-flex-start fusion-content-layout-column\"><div class=\"elegant-particles-banner \" style=\"height:256px;background-image: url( https:\/\/www.3pcorporate.com\/\/wp-content\/uploads\/2021\/10\/banniere_1920px-2.jpg );background-position: center center;background-color:#333333;background-size: cover;\" data-shape=\"polygon\" data-nb_sides=\"2\" data-shape_color=\"#d8d8d8\" data-number_of_particles=\"10\" data-density=\"enable\" data-density_value_area=\"100\" data-large_particle_size=\"1\" data-animate_particles=\"no\" data-shape_stroke_size=\"1\" data-shape_stroke_color=\"#ffffff\" data-line_color=\"#ffffff\"><div class=\"particles-js\" id=\"particles-js-4254990211\"><\/div><\/div><\/div><\/div><\/div><\/div><div class=\"fusion-fullwidth fullwidth-box fusion-builder-row-2 fusion-flex-container nonhundred-percent-fullwidth non-hundred-percent-height-scrolling gradient-container-2\" style=\"--awb-border-radius-top-left:0px;--awb-border-radius-top-right:0px;--awb-border-radius-bottom-right:0px;--awb-border-radius-bottom-left:0px;--awb-background-color:#f7f7f7;--awb-flex-wrap:wrap;\" ><div class=\"fusion-builder-row fusion-row fusion-flex-align-items-flex-start fusion-flex-content-wrap\" style=\"max-width:1185.6px;margin-left: calc(-4% \/ 2 );margin-right: calc(-4% \/ 2 );\"><div class=\"fusion-layout-column fusion_builder_column fusion-builder-column-1 fusion_builder_column_1_1 1_1 fusion-flex-column\" style=\"--awb-bg-size:cover;--awb-width-large:100%;--awb-margin-top-large:0px;--awb-spacing-right-large:1.92%;--awb-margin-bottom-large:20px;--awb-spacing-left-large:1.92%;--awb-width-medium:100%;--awb-order-medium:0;--awb-spacing-right-medium:1.92%;--awb-spacing-left-medium:1.92%;--awb-width-small:100%;--awb-order-small:0;--awb-spacing-right-small:1.92%;--awb-spacing-left-small:1.92%;\"><div class=\"fusion-column-wrapper fusion-column-has-shadow fusion-flex-justify-content-flex-start fusion-content-layout-column\"><div class=\"fusion-title title fusion-title-1 fusion-sep-none fusion-title-text fusion-title-size-one\" style=\"--awb-text-color:#1c60ab;--awb-margin-top-small:10px;--awb-margin-right-small:0px;--awb-margin-bottom-small:10px;--awb-margin-left-small:0px;--awb-font-size:2.4rem;\"><h1 class=\"fusion-title-heading title-heading-left fusion-responsive-typography-calculated\" style=\"font-family:&quot;Montserrat&quot;;font-style:normal;font-weight:600;margin:0;font-size:1em;--fontSize:38.4;line-height:0.94;\">Notre histoire<\/h1><\/div><div class=\"fusion-text fusion-text-1\"><\/div><\/div><\/div><\/div><\/div><div class=\"fusion-fullwidth fullwidth-box fusion-builder-row-3 fusion-flex-container nonhundred-percent-fullwidth non-hundred-percent-height-scrolling gradient-container-3\" style=\"--awb-border-radius-top-left:0px;--awb-border-radius-top-right:0px;--awb-border-radius-bottom-right:0px;--awb-border-radius-bottom-left:0px;--awb-background-color:#f7f7f7;--awb-flex-wrap:wrap;\" ><div class=\"fusion-builder-row fusion-row fusion-flex-align-items-flex-start fusion-flex-content-wrap\" style=\"max-width:1185.6px;margin-left: calc(-4% \/ 2 );margin-right: calc(-4% \/ 2 );\"><div class=\"fusion-layout-column fusion_builder_column fusion-builder-column-2 fusion_builder_column_1_1 1_1 fusion-flex-column\" style=\"--awb-bg-size:cover;--awb-width-large:100%;--awb-margin-top-large:20px;--awb-spacing-right-large:1.92%;--awb-margin-bottom-large:20px;--awb-spacing-left-large:1.92%;--awb-width-medium:100%;--awb-order-medium:0;--awb-spacing-right-medium:1.92%;--awb-spacing-left-medium:1.92%;--awb-width-small:100%;--awb-order-small:0;--awb-spacing-right-small:1.92%;--awb-spacing-left-small:1.92%;\"><div class=\"fusion-column-wrapper fusion-column-has-shadow fusion-flex-justify-content-flex-start fusion-content-layout-column\"><div class=\"fusion-title title fusion-title-2 fusion-sep-none fusion-title-text fusion-title-size-two\" style=\"--awb-text-color:#1c60ab;--awb-margin-top-small:10px;--awb-margin-right-small:0px;--awb-margin-bottom-small:10px;--awb-margin-left-small:0px;\"><h2 class=\"fusion-title-heading title-heading-left fusion-responsive-typography-calculated\" style=\"margin:0;--fontSize:27.2;line-height:1.13;\">3P \u2013 Produits Plastiques Performants aide ses clients \u00e0 concevoir des solutions pour des besoins complexes, gr\u00e2ce \u00e0 50 ans d&rsquo;exp\u00e9rience dans le domaine des plastiques de haute performance et des proc\u00e9d\u00e9s de transformation.<\/h2><\/div><div class=\"fusion-text fusion-text-2\" style=\"--awb-text-transform:none;\"><div class=\"column70\">L&rsquo;histoire de 3P a commenc\u00e9 en France en 1966 avec le d\u00e9veloppement progressif d&rsquo;une activit\u00e9 centr\u00e9e sur le PTFE, qui a donn\u00e9 naissance au c\u00e9l\u00e8bre d\u00e9partement Gaflon\u00ae, r\u00e9f\u00e9rence mondiale dans le monde du PTFE. Le d\u00e9partement Gaflon\u00ae est c\u00e9l\u00e8bre, entre autres, pour le lancement en 1970, d&rsquo;un produit connu du grand public : le ruban d&rsquo;\u00e9tanch\u00e9it\u00e9 \u00e0 filetage (TST pour Thread Seal Tape), ou ruban PTFE. Les utilisateurs ont fortement appr\u00e9ci\u00e9 \u00e0 l&rsquo;\u00e9poque une diff\u00e9rence fondamentale, qui aujourd&rsquo;hui est consid\u00e9r\u00e9e comme une \u00e9vidence : ils \u00e9taient les premiers \u00e0 produire localement. Cela a permis d\u00e8s le lancement une meilleure r\u00e9activit\u00e9 et un meilleur contr\u00f4le des prix.<\/div>\n<div class=\"column30\"><img decoding=\"async\" class=\"lazyload aligncenter wp-image-5756 size-full\" src=\"https:\/\/www.3pcorporate.com\/\/wp-content\/uploads\/2021\/10\/WindingTSTOnPipes.jpg\" data-orig-src=\"https:\/\/www.3pcorporate.com\/\/wp-content\/uploads\/2021\/10\/WindingTSTOnPipes.jpg\" alt=\"\" width=\"270\" height=\"auto\" srcset=\"data:image\/svg+xml,%3Csvg%20xmlns%3D%27http%3A%2F%2Fwww.w3.org%2F2000%2Fsvg%27%20width%3D%27270%27%20height%3D%270%27%20viewBox%3D%270%200%20270%200%27%3E%3Crect%20width%3D%27270%27%20height%3D%270%27%20fill-opacity%3D%220%22%2F%3E%3C%2Fsvg%3E\" data-srcset=\"https:\/\/www.3pcorporate.com\/wp-content\/uploads\/2021\/10\/WindingTSTOnPipes-200x138.jpg 200w, https:\/\/www.3pcorporate.com\/wp-content\/uploads\/2021\/10\/WindingTSTOnPipes-300x207.jpg 300w, https:\/\/www.3pcorporate.com\/wp-content\/uploads\/2021\/10\/WindingTSTOnPipes-400x276.jpg 400w, https:\/\/www.3pcorporate.com\/wp-content\/uploads\/2021\/10\/WindingTSTOnPipes.jpg 434w\" data-sizes=\"auto\" data-orig-sizes=\"(max-width: 434px) 100vw, 434px\" \/><\/div>\n<div class=\"separateur\"><\/div>\n<p>Depuis ses d\u00e9buts, le d\u00e9partement Gaflon\u00ae a rassembl\u00e9 les comp\u00e9tences et les valeurs que l\u2019on rencontre encore chez 3P : des applications exigeantes pour des besoins complexes, le d\u00e9veloppement de savoir-faire sur tous les proc\u00e9d\u00e9s industriels et s\u00e9lection pr\u00e9cise des mat\u00e9riaux.<\/p>\n<p>Ce succ\u00e8s a conduit le groupe \u00e0 d\u00e9velopper son activit\u00e9 \u00e0 l&rsquo;\u00e9tranger, avec des filiales ou des acquisitions directes en Europe et aux Etats-Unis.<\/p>\n<p><img decoding=\"async\" class=\"lazyload aligncenter size-full wp-image-5771\" src=\"https:\/\/www.3pcorporate.com\/\/wp-content\/uploads\/2021\/10\/carte-localisations-3P.png\" data-orig-src=\"https:\/\/www.3pcorporate.com\/\/wp-content\/uploads\/2021\/10\/carte-localisations-3P.png\" alt=\"\" width=\"509\" height=\"300\" srcset=\"data:image\/svg+xml,%3Csvg%20xmlns%3D%27http%3A%2F%2Fwww.w3.org%2F2000%2Fsvg%27%20width%3D%27509%27%20height%3D%27300%27%20viewBox%3D%270%200%20509%20300%27%3E%3Crect%20width%3D%27509%27%20height%3D%27300%27%20fill-opacity%3D%220%22%2F%3E%3C%2Fsvg%3E\" data-srcset=\"https:\/\/www.3pcorporate.com\/wp-content\/uploads\/2021\/10\/carte-localisations-3P-200x118.png 200w, https:\/\/www.3pcorporate.com\/wp-content\/uploads\/2021\/10\/carte-localisations-3P-300x177.png 300w, https:\/\/www.3pcorporate.com\/wp-content\/uploads\/2021\/10\/carte-localisations-3P-400x236.png 400w, https:\/\/www.3pcorporate.com\/wp-content\/uploads\/2021\/10\/carte-localisations-3P.png 509w\" data-sizes=\"auto\" data-orig-sizes=\"(max-width: 509px) 100vw, 509px\" \/><\/p>\n<p>La soci\u00e9t\u00e9 a d&rsquo;abord d\u00e9velopp\u00e9 son activit\u00e9 sur les semi-produits, qui \u00e9taient les nouveaut\u00e9s de l&rsquo;\u00e9poque, et s&rsquo;est vite rendu compte que la connaissance plus pr\u00e9cise des usages des produits \u00e9tait n\u00e9cessaire pour r\u00e9pondre de mani\u00e8re fiable aux exigences de ses clients. L&rsquo;entreprise a donc rapidement accru son savoir-faire dans les pi\u00e8ces finies, et a continu\u00e9 d&rsquo;\u00e9largir sa gamme de proc\u00e9d\u00e9s : tubes, composites, pi\u00e8ces inject\u00e9es ont rejoint la gamme de produits.<\/p>\n<p>Le portefeuille s&rsquo;est \u00e9galement \u00e9largi en mat\u00e9riaux. Dans les ann\u00e9es 80, les nouveaux fluoropolym\u00e8res comme le PFA ou le FEP, qui sont aujourd&rsquo;hui des classiques de l&rsquo;industrie, ont permis de r\u00e9pondre \u00e0 des nouveaux besoins. Et cette dynamique a suivi son cours, avec une gamme compl\u00e8te de plastiques haute performance dans la gamme 3P, les plus r\u00e9pandus \u00e9tant le PTFE, le PFA, le FEP, le PCTFE, l&rsquo;ETFE, le PEEK et le PI.<\/p>\n<p><img decoding=\"async\" class=\"lazyload aligncenter size-full wp-image-5773\" src=\"https:\/\/www.3pcorporate.com\/\/wp-content\/uploads\/2021\/10\/usine-nb-rogne.png\" data-orig-src=\"https:\/\/www.3pcorporate.com\/\/wp-content\/uploads\/2021\/10\/usine-nb-rogne.png\" alt=\"\" width=\"502\" height=\"286\" srcset=\"data:image\/svg+xml,%3Csvg%20xmlns%3D%27http%3A%2F%2Fwww.w3.org%2F2000%2Fsvg%27%20width%3D%27502%27%20height%3D%27286%27%20viewBox%3D%270%200%20502%20286%27%3E%3Crect%20width%3D%27502%27%20height%3D%27286%27%20fill-opacity%3D%220%22%2F%3E%3C%2Fsvg%3E\" data-srcset=\"https:\/\/www.3pcorporate.com\/wp-content\/uploads\/2021\/10\/usine-nb-rogne-200x114.png 200w, https:\/\/www.3pcorporate.com\/wp-content\/uploads\/2021\/10\/usine-nb-rogne-300x171.png 300w, https:\/\/www.3pcorporate.com\/wp-content\/uploads\/2021\/10\/usine-nb-rogne-400x228.png 400w, https:\/\/www.3pcorporate.com\/wp-content\/uploads\/2021\/10\/usine-nb-rogne.png 502w\" data-sizes=\"auto\" data-orig-sizes=\"(max-width: 502px) 100vw, 502px\" \/><\/p>\n<div class=\"column50\">\n<p>Des formes de base aux pi\u00e8ces finies, le d\u00e9partement Gaflon\u00ae s\u2019est \u00e9galement impos\u00e9 dans le d\u00e9veloppement et la co-conception de solutions complexes. Pour mieux exprimer ses forces, la soci\u00e9t\u00e9 s&rsquo;est renomm\u00e9e \u00e0 la fin des ann\u00e9es 80 et est devenue Produits Plastiques Performants, \u00e9galement connue sous le nom de 3P. Ce changement t\u00e9moigne pour l&rsquo;entreprise de sa connaissance fine de tous les polym\u00e8res haute performance et de proc\u00e9d\u00e9s de transformation associ\u00e9s, sans se limiter au PTFE pour lequel Gaflon\u00ae \u00e9tait bien connu. En outre, ce nom montre la capacit\u00e9 de l&rsquo;entreprise \u00e0 travailler en \u00e9troite collaboration avec les clients de tous les secteurs pour offrir la meilleure solution aux performances n\u00e9cessaires.<\/p>\n<p>Aujourd\u2019hui, 3P continue de r\u00e9pondre aux besoins complexes de ses clients par sa proximit\u00e9 et gr\u00e2ce au d\u00e9veloppement de nouvelles comp\u00e9tences dans les assemblages de plastiques haute performance, ou encore le collage.<\/p>\n<\/div>\n<div class=\"column50\"><div class=\"fusion-slider-sc fusion-flexslider-loading flexslider fusion-aligncenter flexslider-hover-type-none\" data-slideshow_autoplay=\"1\" data-slideshow_smooth_height=\"0\" data-slideshow_speed=\"6500\" style=\"max-width:100%;height:100%;\"><ul class=\"slides\"><li class=\"image\"><span class=\"lazyload fusion-image-hover-element hover-type-none\"><img decoding=\"async\" src=\"data:image\/gif;base64,R0lGODlhAQABAAAAACH5BAEKAAEALAAAAAABAAEAAAICTAEAOw==\" data-orig-src=\"https:\/\/www.3pcorporate.com\/\/wp-content\/uploads\/2021\/10\/Combined-Cup.png\" class=\"lazyload wp-image-13\" \/><\/span><\/li><li class=\"image\"><span class=\"lazyload fusion-image-hover-element hover-type-none\"><img decoding=\"async\" src=\"data:image\/gif;base64,R0lGODlhAQABAAAAACH5BAEKAAEALAAAAAABAAEAAAICTAEAOw==\" data-orig-src=\"https:\/\/www.3pcorporate.com\/\/wp-content\/uploads\/2021\/10\/Thermoformed-PistonsE.png\" class=\"lazyload wp-image-12\" \/><\/span><\/li><\/ul><\/div><\/div>\n<div class=\"separateur\"><\/div>\n<div class=\"column50\">Les \u00e9quipes locales assist\u00e9es par les \u00e9quipes Innovation &amp; D\u00e9veloppement assurent une relation forte avec les clients. Gr\u00e2ce \u00e0 des entreprises dans 8 pays sur 3 continents, et aussi gr\u00e2ce \u00e0 l&rsquo;aide de partenaires commerciaux, 3P peut suivre les projets de d\u00e9veloppement dans le monde entier. Par cons\u00e9quent, notre expertise est reconnue dans le monde entier.<\/div>\n<div class=\"column50\"><img decoding=\"async\" class=\"lazyload aligncenter size-full wp-image-5785\" src=\"https:\/\/www.3pcorporate.com\/\/wp-content\/uploads\/2021\/10\/service-colis.png\" data-orig-src=\"https:\/\/www.3pcorporate.com\/\/wp-content\/uploads\/2021\/10\/service-colis.png\" alt=\"\" width=\"448\" height=\"299\" srcset=\"data:image\/svg+xml,%3Csvg%20xmlns%3D%27http%3A%2F%2Fwww.w3.org%2F2000%2Fsvg%27%20width%3D%27448%27%20height%3D%27299%27%20viewBox%3D%270%200%20448%20299%27%3E%3Crect%20width%3D%27448%27%20height%3D%27299%27%20fill-opacity%3D%220%22%2F%3E%3C%2Fsvg%3E\" data-srcset=\"https:\/\/www.3pcorporate.com\/wp-content\/uploads\/2021\/10\/service-colis-200x133.png 200w, https:\/\/www.3pcorporate.com\/wp-content\/uploads\/2021\/10\/service-colis-300x200.png 300w, https:\/\/www.3pcorporate.com\/wp-content\/uploads\/2021\/10\/service-colis-400x267.png 400w, https:\/\/www.3pcorporate.com\/wp-content\/uploads\/2021\/10\/service-colis.png 448w\" data-sizes=\"auto\" data-orig-sizes=\"(max-width: 448px) 100vw, 448px\" \/><\/div>\n<\/div><\/div><\/div><\/div><\/div><\/p>\n","protected":false},"excerpt":{"rendered":"","protected":false},"author":1,"featured_media":0,"parent":6542,"menu_order":0,"comment_status":"closed","ping_status":"closed","template":"100-width.php","meta":{"footnotes":""},"class_list":["post-6337","page","type-page","status-publish","hentry"],"yoast_head":"<!-- This site is optimized with the Yoast SEO Premium plugin v26.1 (Yoast SEO v27.4) - https:\/\/yoast.com\/product\/yoast-seo-premium-wordpress\/ -->\n<title>Notre histoire - 3P Corporate<\/title>\n<meta name=\"description\" content=\"L&#039;histoire de 3P a commenc\u00e9 en France en 1966 avec le d\u00e9veloppement progressif d&#039;une activit\u00e9 centr\u00e9e sur le PTFE, qui a donn\u00e9 naissance au...\" \/>\n<meta name=\"robots\" content=\"index, follow, max-snippet:-1, max-image-preview:large, max-video-preview:-1\" \/>\n<link rel=\"canonical\" href=\"https:\/\/www.3pcorporate.com\/fr\/apropos\/histoire\/\" \/>\n<meta property=\"og:locale\" content=\"fr_FR\" \/>\n<meta property=\"og:type\" content=\"article\" \/>\n<meta property=\"og:title\" content=\"Notre histoire\" \/>\n<meta property=\"og:description\" content=\"L&#039;histoire de 3P a commenc\u00e9 en France en 1966 avec le d\u00e9veloppement progressif d&#039;une activit\u00e9 centr\u00e9e sur le PTFE, qui a donn\u00e9 naissance au...\" \/>\n<meta property=\"og:url\" content=\"https:\/\/www.3pcorporate.com\/fr\/apropos\/histoire\/\" \/>\n<meta property=\"og:site_name\" content=\"3P Corporate\" \/>\n<meta property=\"article:modified_time\" content=\"2022-03-25T10:56:24+00:00\" \/>\n<meta property=\"og:image\" content=\"https:\/\/www.3pcorporate.com\/\/wp-content\/uploads\/2021\/10\/WindingTSTOnPipes.jpg\" \/>\n<meta name=\"twitter:card\" content=\"summary_large_image\" \/>\n<meta name=\"twitter:label1\" content=\"Dur\u00e9e de lecture estim\u00e9e\" \/>\n\t<meta name=\"twitter:data1\" content=\"11 minutes\" \/>\n<script type=\"application\/ld+json\" class=\"yoast-schema-graph\">{\"@context\":\"https:\\\/\\\/schema.org\",\"@graph\":[{\"@type\":\"WebPage\",\"@id\":\"https:\\\/\\\/www.3pcorporate.com\\\/fr\\\/apropos\\\/histoire\\\/\",\"url\":\"https:\\\/\\\/www.3pcorporate.com\\\/fr\\\/apropos\\\/histoire\\\/\",\"name\":\"Notre histoire - 3P Corporate\",\"isPartOf\":{\"@id\":\"https:\\\/\\\/www.3pcorporate.com\\\/en\\\/#website\"},\"primaryImageOfPage\":{\"@id\":\"https:\\\/\\\/www.3pcorporate.com\\\/fr\\\/apropos\\\/histoire\\\/#primaryimage\"},\"image\":{\"@id\":\"https:\\\/\\\/www.3pcorporate.com\\\/fr\\\/apropos\\\/histoire\\\/#primaryimage\"},\"thumbnailUrl\":\"https:\\\/\\\/www.3pcorporate.com\\\/\\\/wp-content\\\/uploads\\\/2021\\\/10\\\/WindingTSTOnPipes.jpg\",\"datePublished\":\"2021-10-28T12:07:08+00:00\",\"dateModified\":\"2022-03-25T10:56:24+00:00\",\"description\":\"L'histoire de 3P a commenc\u00e9 en France en 1966 avec le d\u00e9veloppement progressif d'une activit\u00e9 centr\u00e9e sur le PTFE, qui a donn\u00e9 naissance au...\",\"breadcrumb\":{\"@id\":\"https:\\\/\\\/www.3pcorporate.com\\\/fr\\\/apropos\\\/histoire\\\/#breadcrumb\"},\"inLanguage\":\"fr-FR\",\"potentialAction\":[{\"@type\":\"ReadAction\",\"target\":[\"https:\\\/\\\/www.3pcorporate.com\\\/fr\\\/apropos\\\/histoire\\\/\"]}]},{\"@type\":\"ImageObject\",\"inLanguage\":\"fr-FR\",\"@id\":\"https:\\\/\\\/www.3pcorporate.com\\\/fr\\\/apropos\\\/histoire\\\/#primaryimage\",\"url\":\"https:\\\/\\\/www.3pcorporate.com\\\/\\\/wp-content\\\/uploads\\\/2021\\\/10\\\/WindingTSTOnPipes.jpg\",\"contentUrl\":\"https:\\\/\\\/www.3pcorporate.com\\\/\\\/wp-content\\\/uploads\\\/2021\\\/10\\\/WindingTSTOnPipes.jpg\"},{\"@type\":\"BreadcrumbList\",\"@id\":\"https:\\\/\\\/www.3pcorporate.com\\\/fr\\\/apropos\\\/histoire\\\/#breadcrumb\",\"itemListElement\":[{\"@type\":\"ListItem\",\"position\":1,\"name\":\"Accueil\",\"item\":\"https:\\\/\\\/www.3pcorporate.com\\\/fr\\\/\"},{\"@type\":\"ListItem\",\"position\":2,\"name\":\"L&rsquo;entreprise\",\"item\":\"https:\\\/\\\/www.3pcorporate.com\\\/fr\\\/apropos\\\/\"},{\"@type\":\"ListItem\",\"position\":3,\"name\":\"Notre histoire\"}]},{\"@type\":\"WebSite\",\"@id\":\"https:\\\/\\\/www.3pcorporate.com\\\/en\\\/#website\",\"url\":\"https:\\\/\\\/www.3pcorporate.com\\\/en\\\/\",\"name\":\"3P Corporate\",\"description\":\"Produits Plastiques Performants \",\"publisher\":{\"@id\":\"https:\\\/\\\/www.3pcorporate.com\\\/en\\\/#organization\"},\"potentialAction\":[{\"@type\":\"SearchAction\",\"target\":{\"@type\":\"EntryPoint\",\"urlTemplate\":\"https:\\\/\\\/www.3pcorporate.com\\\/en\\\/?s={search_term_string}\"},\"query-input\":{\"@type\":\"PropertyValueSpecification\",\"valueRequired\":true,\"valueName\":\"search_term_string\"}}],\"inLanguage\":\"fr-FR\"},{\"@type\":\"Organization\",\"@id\":\"https:\\\/\\\/www.3pcorporate.com\\\/en\\\/#organization\",\"name\":\"3P Corporate\",\"url\":\"https:\\\/\\\/www.3pcorporate.com\\\/en\\\/\",\"logo\":{\"@type\":\"ImageObject\",\"inLanguage\":\"fr-FR\",\"@id\":\"https:\\\/\\\/www.3pcorporate.com\\\/en\\\/#\\\/schema\\\/logo\\\/image\\\/\",\"url\":\"https:\\\/\\\/www.3pcorporate.com\\\/\\\/wp-content\\\/uploads\\\/2021\\\/09\\\/3P_logo-fr.png\",\"contentUrl\":\"https:\\\/\\\/www.3pcorporate.com\\\/\\\/wp-content\\\/uploads\\\/2021\\\/09\\\/3P_logo-fr.png\",\"width\":120,\"height\":98,\"caption\":\"3P Corporate\"},\"image\":{\"@id\":\"https:\\\/\\\/www.3pcorporate.com\\\/en\\\/#\\\/schema\\\/logo\\\/image\\\/\"},\"sameAs\":[\"https:\\\/\\\/fr.linkedin.com\\\/company\\\/3p-produits-plastiques-performants\"]}]}<\/script>\n<!-- \/ Yoast SEO Premium plugin. -->","yoast_head_json":{"title":"Notre histoire - 3P Corporate","description":"L'histoire de 3P a commenc\u00e9 en France en 1966 avec le d\u00e9veloppement progressif d'une activit\u00e9 centr\u00e9e sur le PTFE, qui a donn\u00e9 naissance au...","robots":{"index":"index","follow":"follow","max-snippet":"max-snippet:-1","max-image-preview":"max-image-preview:large","max-video-preview":"max-video-preview:-1"},"canonical":"https:\/\/www.3pcorporate.com\/fr\/apropos\/histoire\/","og_locale":"fr_FR","og_type":"article","og_title":"Notre histoire","og_description":"L'histoire de 3P a commenc\u00e9 en France en 1966 avec le d\u00e9veloppement progressif d'une activit\u00e9 centr\u00e9e sur le PTFE, qui a donn\u00e9 naissance au...","og_url":"https:\/\/www.3pcorporate.com\/fr\/apropos\/histoire\/","og_site_name":"3P Corporate","article_modified_time":"2022-03-25T10:56:24+00:00","og_image":[{"url":"https:\/\/www.3pcorporate.com\/\/wp-content\/uploads\/2021\/10\/WindingTSTOnPipes.jpg","type":"","width":"","height":""}],"twitter_card":"summary_large_image","twitter_misc":{"Dur\u00e9e de lecture estim\u00e9e":"11 minutes"},"schema":{"@context":"https:\/\/schema.org","@graph":[{"@type":"WebPage","@id":"https:\/\/www.3pcorporate.com\/fr\/apropos\/histoire\/","url":"https:\/\/www.3pcorporate.com\/fr\/apropos\/histoire\/","name":"Notre histoire - 3P Corporate","isPartOf":{"@id":"https:\/\/www.3pcorporate.com\/en\/#website"},"primaryImageOfPage":{"@id":"https:\/\/www.3pcorporate.com\/fr\/apropos\/histoire\/#primaryimage"},"image":{"@id":"https:\/\/www.3pcorporate.com\/fr\/apropos\/histoire\/#primaryimage"},"thumbnailUrl":"https:\/\/www.3pcorporate.com\/\/wp-content\/uploads\/2021\/10\/WindingTSTOnPipes.jpg","datePublished":"2021-10-28T12:07:08+00:00","dateModified":"2022-03-25T10:56:24+00:00","description":"L'histoire de 3P a commenc\u00e9 en France en 1966 avec le d\u00e9veloppement progressif d'une activit\u00e9 centr\u00e9e sur le PTFE, qui a donn\u00e9 naissance au...","breadcrumb":{"@id":"https:\/\/www.3pcorporate.com\/fr\/apropos\/histoire\/#breadcrumb"},"inLanguage":"fr-FR","potentialAction":[{"@type":"ReadAction","target":["https:\/\/www.3pcorporate.com\/fr\/apropos\/histoire\/"]}]},{"@type":"ImageObject","inLanguage":"fr-FR","@id":"https:\/\/www.3pcorporate.com\/fr\/apropos\/histoire\/#primaryimage","url":"https:\/\/www.3pcorporate.com\/\/wp-content\/uploads\/2021\/10\/WindingTSTOnPipes.jpg","contentUrl":"https:\/\/www.3pcorporate.com\/\/wp-content\/uploads\/2021\/10\/WindingTSTOnPipes.jpg"},{"@type":"BreadcrumbList","@id":"https:\/\/www.3pcorporate.com\/fr\/apropos\/histoire\/#breadcrumb","itemListElement":[{"@type":"ListItem","position":1,"name":"Accueil","item":"https:\/\/www.3pcorporate.com\/fr\/"},{"@type":"ListItem","position":2,"name":"L&rsquo;entreprise","item":"https:\/\/www.3pcorporate.com\/fr\/apropos\/"},{"@type":"ListItem","position":3,"name":"Notre histoire"}]},{"@type":"WebSite","@id":"https:\/\/www.3pcorporate.com\/en\/#website","url":"https:\/\/www.3pcorporate.com\/en\/","name":"3P Corporate","description":"Produits Plastiques Performants ","publisher":{"@id":"https:\/\/www.3pcorporate.com\/en\/#organization"},"potentialAction":[{"@type":"SearchAction","target":{"@type":"EntryPoint","urlTemplate":"https:\/\/www.3pcorporate.com\/en\/?s={search_term_string}"},"query-input":{"@type":"PropertyValueSpecification","valueRequired":true,"valueName":"search_term_string"}}],"inLanguage":"fr-FR"},{"@type":"Organization","@id":"https:\/\/www.3pcorporate.com\/en\/#organization","name":"3P Corporate","url":"https:\/\/www.3pcorporate.com\/en\/","logo":{"@type":"ImageObject","inLanguage":"fr-FR","@id":"https:\/\/www.3pcorporate.com\/en\/#\/schema\/logo\/image\/","url":"https:\/\/www.3pcorporate.com\/\/wp-content\/uploads\/2021\/09\/3P_logo-fr.png","contentUrl":"https:\/\/www.3pcorporate.com\/\/wp-content\/uploads\/2021\/09\/3P_logo-fr.png","width":120,"height":98,"caption":"3P Corporate"},"image":{"@id":"https:\/\/www.3pcorporate.com\/en\/#\/schema\/logo\/image\/"},"sameAs":["https:\/\/fr.linkedin.com\/company\/3p-produits-plastiques-performants"]}]}},"_links":{"self":[{"href":"https:\/\/www.3pcorporate.com\/fr\/wp-json\/wp\/v2\/pages\/6337","targetHints":{"allow":["GET"]}}],"collection":[{"href":"https:\/\/www.3pcorporate.com\/fr\/wp-json\/wp\/v2\/pages"}],"about":[{"href":"https:\/\/www.3pcorporate.com\/fr\/wp-json\/wp\/v2\/types\/page"}],"author":[{"embeddable":true,"href":"https:\/\/www.3pcorporate.com\/fr\/wp-json\/wp\/v2\/users\/1"}],"replies":[{"embeddable":true,"href":"https:\/\/www.3pcorporate.com\/fr\/wp-json\/wp\/v2\/comments?post=6337"}],"version-history":[{"count":2,"href":"https:\/\/www.3pcorporate.com\/fr\/wp-json\/wp\/v2\/pages\/6337\/revisions"}],"predecessor-version":[{"id":7376,"href":"https:\/\/www.3pcorporate.com\/fr\/wp-json\/wp\/v2\/pages\/6337\/revisions\/7376"}],"up":[{"embeddable":true,"href":"https:\/\/www.3pcorporate.com\/fr\/wp-json\/wp\/v2\/pages\/6542"}],"wp:attachment":[{"href":"https:\/\/www.3pcorporate.com\/fr\/wp-json\/wp\/v2\/media?parent=6337"}],"curies":[{"name":"wp","href":"https:\/\/api.w.org\/{rel}","templated":true}]}}