{"id":6260,"date":"2021-10-27T17:06:29","date_gmt":"2021-10-27T15:06:29","guid":{"rendered":"https:\/\/www.3pcorporate.com\/\/usinage-3p\/"},"modified":"2021-11-04T13:56:13","modified_gmt":"2021-11-04T12:56:13","slug":"usinage-3p","status":"publish","type":"page","link":"https:\/\/www.3pcorporate.com\/fr\/produits-3p\/3p-solutions\/usinage-3p\/","title":{"rendered":"Usinage 3P"},"content":{"rendered":"<p><div class=\"fusion-fullwidth fullwidth-box fusion-builder-row-1 fusion-flex-container hundred-percent-fullwidth non-hundred-percent-height-scrolling gradient-container-1\" style=\"--awb-border-radius-top-left:0px;--awb-border-radius-top-right:0px;--awb-border-radius-bottom-right:0px;--awb-border-radius-bottom-left:0px;--awb-padding-right:0px;--awb-padding-left:0px;--awb-flex-wrap:wrap;\" ><div class=\"fusion-builder-row fusion-row fusion-flex-align-items-flex-start fusion-flex-content-wrap\" style=\"width:104% !important;max-width:104% !important;margin-left: calc(-4% \/ 2 );margin-right: calc(-4% \/ 2 );\"><div class=\"fusion-layout-column fusion_builder_column fusion-builder-column-0 fusion_builder_column_1_1 1_1 fusion-flex-column\" style=\"--awb-bg-size:cover;--awb-width-large:100%;--awb-margin-top-large:0px;--awb-spacing-right-large:1.92%;--awb-margin-bottom-large:20px;--awb-spacing-left-large:1.92%;--awb-width-medium:100%;--awb-order-medium:0;--awb-spacing-right-medium:1.92%;--awb-spacing-left-medium:1.92%;--awb-width-small:100%;--awb-order-small:0;--awb-spacing-right-small:1.92%;--awb-spacing-left-small:1.92%;\"><div class=\"fusion-column-wrapper fusion-column-has-shadow fusion-flex-justify-content-flex-start fusion-content-layout-column\"><div class=\"elegant-particles-banner \" style=\"height:256px;background-image: url( https:\/\/www.3pcorporate.com\/\/wp-content\/uploads\/2021\/10\/machining-banner.jpg );background-position: center center;background-color:#333333;background-size: cover;\" data-shape=\"polygon\" data-nb_sides=\"2\" data-shape_color=\"#d8d8d8\" data-number_of_particles=\"10\" data-density=\"enable\" data-density_value_area=\"100\" data-large_particle_size=\"1\" data-animate_particles=\"no\" data-shape_stroke_size=\"1\" data-shape_stroke_color=\"#ffffff\" data-line_color=\"#ffffff\"><div class=\"particles-js\" id=\"particles-js-235508517\"><\/div><\/div><\/div><\/div><\/div><\/div><div class=\"fusion-fullwidth fullwidth-box fusion-builder-row-2 fusion-flex-container nonhundred-percent-fullwidth non-hundred-percent-height-scrolling gradient-container-2\" style=\"--awb-border-radius-top-left:0px;--awb-border-radius-top-right:0px;--awb-border-radius-bottom-right:0px;--awb-border-radius-bottom-left:0px;--awb-flex-wrap:wrap;\" ><div class=\"fusion-builder-row fusion-row fusion-flex-align-items-flex-start fusion-flex-content-wrap\" style=\"max-width:1185.6px;margin-left: calc(-4% \/ 2 );margin-right: calc(-4% \/ 2 );\"><div class=\"fusion-layout-column fusion_builder_column fusion-builder-column-1 fusion_builder_column_1_1 1_1 fusion-flex-column\" style=\"--awb-bg-size:cover;--awb-width-large:100%;--awb-margin-top-large:0px;--awb-spacing-right-large:1.92%;--awb-margin-bottom-large:20px;--awb-spacing-left-large:1.92%;--awb-width-medium:100%;--awb-order-medium:0;--awb-spacing-right-medium:1.92%;--awb-spacing-left-medium:1.92%;--awb-width-small:100%;--awb-order-small:0;--awb-spacing-right-small:1.92%;--awb-spacing-left-small:1.92%;\"><div class=\"fusion-column-wrapper fusion-column-has-shadow fusion-flex-justify-content-flex-start fusion-content-layout-column\"><div class=\"fusion-title title fusion-title-1 fusion-sep-none fusion-title-text fusion-title-size-one\" style=\"--awb-text-color:#1c60ab;--awb-margin-top-small:10px;--awb-margin-right-small:0px;--awb-margin-bottom-small:10px;--awb-margin-left-small:0px;--awb-font-size:2.4rem;\"><h1 class=\"fusion-title-heading title-heading-left fusion-responsive-typography-calculated\" style=\"font-family:&quot;Montserrat&quot;;font-style:normal;font-weight:600;margin:0;font-size:1em;--fontSize:38.4;line-height:0.94;\">Usinage haute performance<\/h1><\/div><div class=\"fusion-text fusion-text-1\"><p>Depuis 50 ans, 3P usine des produits semi-finis pour des industries exigeantes, en PTFE d\u2019abord, puis en fluoropolym\u00e8res et plastiques haute performance (PEEK, PI\u2026)<\/p>\n<\/div><\/div><\/div><\/div><\/div><div class=\"fusion-fullwidth fullwidth-box fusion-builder-row-3 fusion-flex-container nonhundred-percent-fullwidth non-hundred-percent-height-scrolling gradient-container-3\" style=\"--awb-border-radius-top-left:0px;--awb-border-radius-top-right:0px;--awb-border-radius-bottom-right:0px;--awb-border-radius-bottom-left:0px;--awb-background-color:#f7f7f7;--awb-flex-wrap:wrap;\" ><div class=\"fusion-builder-row fusion-row fusion-flex-align-items-flex-start fusion-flex-content-wrap\" style=\"max-width:1185.6px;margin-left: calc(-4% \/ 2 );margin-right: calc(-4% \/ 2 );\"><div class=\"fusion-layout-column fusion_builder_column fusion-builder-column-2 fusion_builder_column_1_1 1_1 fusion-flex-column\" style=\"--awb-bg-size:cover;--awb-width-large:100%;--awb-margin-top-large:20px;--awb-spacing-right-large:1.92%;--awb-margin-bottom-large:20px;--awb-spacing-left-large:1.92%;--awb-width-medium:100%;--awb-order-medium:0;--awb-spacing-right-medium:1.92%;--awb-spacing-left-medium:1.92%;--awb-width-small:100%;--awb-order-small:0;--awb-spacing-right-small:1.92%;--awb-spacing-left-small:1.92%;\"><div class=\"fusion-column-wrapper fusion-column-has-shadow fusion-flex-justify-content-flex-start fusion-content-layout-column\"><div class=\"elegant-expanding-sections elegant-expanding-section-1 ptfe-expand\"><div class=\"elegant-expanding-section-heading-area\"><div class=\"elegant-expanding-section-heading-wrapper\"><div class=\"elegant-expanding-section-title\" style=\"font-family: &#039;Montserrat&#039; ;font-weight: 500;font-size:28px;color:#1c60ab;\"><h2>Usinage pour mat\u00e9riau haut de gamme<\/h2><\/div><div class=\"elegant-expanding-section-description\" style=\"font-size:18px;color:#1c60ab;\"><\/div><\/div><div class=\"elegant-expanding-section-icon\" style=\"fill:#1c60ab;\"><svg xmlns=\"http:\/\/www.w3.org\/2000\/svg\" xmlns:xlink=\"http:\/\/www.w3.org\/1999\/xlink\" version=\"1.1\" id=\"Capa_1\" x=\"0px\" y=\"0px\" viewBox=\"0 0 512 512\" style=\"enable-background:new 0 0 512 512; width: 32px;\" xml:space=\"preserve\">\n<g transform=\"translate(1 1)\">\n\t<g>\n\t\t<path d=\"M489.667,233.667H276.333V20.333C276.333,8.551,266.782-1,255-1s-21.333,9.551-21.333,21.333v213.333H20.333    C8.551,233.667-1,243.218-1,255s9.551,21.333,21.333,21.333h213.333v213.333c0,11.782,9.551,21.333,21.333,21.333    s21.333-9.551,21.333-21.333V276.333h213.333c11.782,0,21.333-9.551,21.333-21.333S501.449,233.667,489.667,233.667z\"><\/path>\n\t<\/g>\n<\/g>\n<\/svg><\/div><\/div><div class=\"elegant-expanding-section-content-area\" style=\"display: none;\"><div class=\"elegant-expanding-section-content\">\n<div class=\"column60\">\n<p>3P a une longue exp\u00e9rience dans l&rsquo;usinage. Le groupe a commenc\u00e9 avec les joints et les joints \u00e0 l\u00e8vre PTFE utilis\u00e9s dans les joints dynamiques. Les \u00e9quipements CNC, fraisage et d\u00e9colletage de 3P sont r\u00e9guli\u00e8rement mis \u00e0 jour.<\/p>\n<p>3P travaille en petites et grandes s\u00e9ries pour tous les secteurs : automobile, a\u00e9ronautique, \u00e9nergie, transfert de fluides, etc..<\/p>\n<\/div>\n<div class=\"column40\"><img decoding=\"async\" class=\"lazyload aligncenter size-full wp-image-5547\" src=\"https:\/\/www.3pcorporate.com\/\/wp-content\/uploads\/2021\/10\/PTFE_machined-part_for-_aeronautics-min.png\" data-orig-src=\"https:\/\/www.3pcorporate.com\/\/wp-content\/uploads\/2021\/10\/PTFE_machined-part_for-_aeronautics-min.png\" alt=\"\" width=\"250\" height=\"auto\" srcset=\"data:image\/svg+xml,%3Csvg%20xmlns%3D%27http%3A%2F%2Fwww.w3.org%2F2000%2Fsvg%27%20width%3D%27250%27%20height%3D%270%27%20viewBox%3D%270%200%20250%200%27%3E%3Crect%20width%3D%27250%27%20height%3D%270%27%20fill-opacity%3D%220%22%2F%3E%3C%2Fsvg%3E\" data-srcset=\"https:\/\/www.3pcorporate.com\/wp-content\/uploads\/2021\/10\/PTFE_machined-part_for-_aeronautics-min-200x192.png 200w, https:\/\/www.3pcorporate.com\/wp-content\/uploads\/2021\/10\/PTFE_machined-part_for-_aeronautics-min.png 280w\" data-sizes=\"auto\" data-orig-sizes=\"(max-width: 280px) 100vw, 280px\" \/><\/div>\n<\/div><\/div><\/div><\/div><\/div><\/div><\/div><div class=\"fusion-fullwidth fullwidth-box fusion-builder-row-4 fusion-flex-container nonhundred-percent-fullwidth non-hundred-percent-height-scrolling gradient-container-4\" style=\"--awb-border-radius-top-left:0px;--awb-border-radius-top-right:0px;--awb-border-radius-bottom-right:0px;--awb-border-radius-bottom-left:0px;--awb-flex-wrap:wrap;\" ><div class=\"fusion-builder-row fusion-row fusion-flex-align-items-flex-start fusion-flex-content-wrap\" style=\"max-width:1185.6px;margin-left: calc(-4% \/ 2 );margin-right: calc(-4% \/ 2 );\"><div class=\"fusion-layout-column fusion_builder_column fusion-builder-column-3 fusion_builder_column_1_1 1_1 fusion-flex-column\" style=\"--awb-bg-size:cover;--awb-width-large:100%;--awb-margin-top-large:20px;--awb-spacing-right-large:1.92%;--awb-margin-bottom-large:20px;--awb-spacing-left-large:1.92%;--awb-width-medium:100%;--awb-order-medium:0;--awb-spacing-right-medium:1.92%;--awb-spacing-left-medium:1.92%;--awb-width-small:100%;--awb-order-small:0;--awb-spacing-right-small:1.92%;--awb-spacing-left-small:1.92%;\"><div class=\"fusion-column-wrapper fusion-column-has-shadow fusion-flex-justify-content-flex-start fusion-content-layout-column\"><div class=\"elegant-expanding-sections elegant-expanding-section-2 \"><div class=\"elegant-expanding-section-heading-area\"><div class=\"elegant-expanding-section-heading-wrapper\"><div class=\"elegant-expanding-section-title\" style=\"font-family: &#039;Montserrat&#039; ;font-weight: 500;font-size:28px;color:#1c60ab;\"><h2>Le d\u00e9veloppement de l\u2019usinage complexe<\/h2><\/div><div class=\"elegant-expanding-section-description\" style=\"font-size:18px;color:#1c60ab;\"><\/div><\/div><div class=\"elegant-expanding-section-icon\" style=\"fill:#1c60ab;\"><svg xmlns=\"http:\/\/www.w3.org\/2000\/svg\" xmlns:xlink=\"http:\/\/www.w3.org\/1999\/xlink\" version=\"1.1\" id=\"Capa_1\" x=\"0px\" y=\"0px\" viewBox=\"0 0 512 512\" style=\"enable-background:new 0 0 512 512; width: 32px;\" xml:space=\"preserve\">\n<g transform=\"translate(1 1)\">\n\t<g>\n\t\t<path d=\"M489.667,233.667H276.333V20.333C276.333,8.551,266.782-1,255-1s-21.333,9.551-21.333,21.333v213.333H20.333    C8.551,233.667-1,243.218-1,255s9.551,21.333,21.333,21.333h213.333v213.333c0,11.782,9.551,21.333,21.333,21.333    s21.333-9.551,21.333-21.333V276.333h213.333c11.782,0,21.333-9.551,21.333-21.333S501.449,233.667,489.667,233.667z\"><\/path>\n\t<\/g>\n<\/g>\n<\/svg><\/div><\/div><div class=\"elegant-expanding-section-content-area\" style=\"display: none;\"><div class=\"elegant-expanding-section-content\">\n<div class=\"column60\">\n<p>D\u00e9sormais, le savoir-faire de 3P comprend \u00e9galement l&rsquo;usinage 5 axes de pi\u00e8ces en PTFE, fluoropolym\u00e8re et PEEK.<\/p>\n<p>3P a \u00e9galement install\u00e9 des \u00e9quipements et adopt\u00e9 des proc\u00e9dures standards pour garantir la propret\u00e9 des produits. Deux usines du groupe utilisent d\u00e9j\u00e0 des salles blanches, et les \u00e9quipements de nettoyage, de plus en plus demand\u00e9s par des clients, se g\u00e9n\u00e9ralisent.<\/p>\n<\/div>\n<div class=\"column40\"><img decoding=\"async\" class=\"lazyload aligncenter size-full wp-image-5557\" src=\"https:\/\/www.3pcorporate.com\/\/wp-content\/uploads\/2021\/10\/PTFE_machined_U-bellow-min-1.png\" data-orig-src=\"https:\/\/www.3pcorporate.com\/\/wp-content\/uploads\/2021\/10\/PTFE_machined_U-bellow-min-1.png\" alt=\"\" width=\"200\" height=\"auto\" srcset=\"data:image\/svg+xml,%3Csvg%20xmlns%3D%27http%3A%2F%2Fwww.w3.org%2F2000%2Fsvg%27%20width%3D%27200%27%20height%3D%270%27%20viewBox%3D%270%200%20200%200%27%3E%3Crect%20width%3D%27200%27%20height%3D%270%27%20fill-opacity%3D%220%22%2F%3E%3C%2Fsvg%3E\" data-srcset=\"https:\/\/www.3pcorporate.com\/wp-content\/uploads\/2021\/10\/PTFE_machined_U-bellow-min-1-200x189.png 200w, https:\/\/www.3pcorporate.com\/wp-content\/uploads\/2021\/10\/PTFE_machined_U-bellow-min-1-300x283.png 300w, https:\/\/www.3pcorporate.com\/wp-content\/uploads\/2021\/10\/PTFE_machined_U-bellow-min-1-400x378.png 400w, https:\/\/www.3pcorporate.com\/wp-content\/uploads\/2021\/10\/PTFE_machined_U-bellow-min-1-600x567.png 600w, https:\/\/www.3pcorporate.com\/wp-content\/uploads\/2021\/10\/PTFE_machined_U-bellow-min-1.png 718w\" data-sizes=\"auto\" data-orig-sizes=\"(max-width: 718px) 100vw, 718px\" \/><\/div>\n<\/div><\/div><\/div><\/div><\/div><\/div><\/div><\/p>\n","protected":false},"excerpt":{"rendered":"","protected":false},"author":1,"featured_media":0,"parent":6466,"menu_order":0,"comment_status":"closed","ping_status":"closed","template":"100-width.php","meta":{"footnotes":""},"class_list":["post-6260","page","type-page","status-publish","hentry"],"yoast_head":"<!-- This site is optimized with the Yoast SEO Premium plugin v26.1 (Yoast SEO v27.3) - https:\/\/yoast.com\/product\/yoast-seo-premium-wordpress\/ -->\n<title>Usinage 3P - 3P Corporate<\/title>\n<meta name=\"description\" content=\"Depuis 50 ans, 3P usine des produits semi-finis pour des industries exigeantes, en PTFE d\u2019abord, puis en fluoropolym\u00e8res et plastiques...\" \/>\n<meta name=\"robots\" content=\"index, follow, max-snippet:-1, max-image-preview:large, max-video-preview:-1\" \/>\n<link rel=\"canonical\" href=\"https:\/\/www.3pcorporate.com\/fr\/produits-3p\/3p-solutions\/usinage-3p\/\" \/>\n<meta property=\"og:locale\" content=\"fr_FR\" \/>\n<meta property=\"og:type\" content=\"article\" \/>\n<meta property=\"og:title\" content=\"Usinage 3P\" \/>\n<meta property=\"og:description\" content=\"Depuis 50 ans, 3P usine des produits semi-finis pour des industries exigeantes, en PTFE d\u2019abord, puis en fluoropolym\u00e8res et plastiques...\" \/>\n<meta property=\"og:url\" content=\"https:\/\/www.3pcorporate.com\/fr\/produits-3p\/3p-solutions\/usinage-3p\/\" \/>\n<meta property=\"og:site_name\" content=\"3P Corporate\" \/>\n<meta property=\"article:modified_time\" content=\"2021-11-04T12:56:13+00:00\" \/>\n<meta property=\"og:image\" content=\"https:\/\/www.3pcorporate.com\/\/wp-content\/uploads\/2021\/10\/PTFE_machined-part_for-_aeronautics-min.png\" \/>\n<meta name=\"twitter:card\" content=\"summary_large_image\" \/>\n<meta name=\"twitter:label1\" content=\"Dur\u00e9e de lecture estim\u00e9e\" \/>\n\t<meta name=\"twitter:data1\" content=\"4 minutes\" \/>\n<script type=\"application\/ld+json\" class=\"yoast-schema-graph\">{\"@context\":\"https:\\\/\\\/schema.org\",\"@graph\":[{\"@type\":\"WebPage\",\"@id\":\"https:\\\/\\\/www.3pcorporate.com\\\/fr\\\/produits-3p\\\/3p-solutions\\\/usinage-3p\\\/\",\"url\":\"https:\\\/\\\/www.3pcorporate.com\\\/fr\\\/produits-3p\\\/3p-solutions\\\/usinage-3p\\\/\",\"name\":\"Usinage 3P - 3P Corporate\",\"isPartOf\":{\"@id\":\"https:\\\/\\\/www.3pcorporate.com\\\/en\\\/#website\"},\"primaryImageOfPage\":{\"@id\":\"https:\\\/\\\/www.3pcorporate.com\\\/fr\\\/produits-3p\\\/3p-solutions\\\/usinage-3p\\\/#primaryimage\"},\"image\":{\"@id\":\"https:\\\/\\\/www.3pcorporate.com\\\/fr\\\/produits-3p\\\/3p-solutions\\\/usinage-3p\\\/#primaryimage\"},\"thumbnailUrl\":\"https:\\\/\\\/www.3pcorporate.com\\\/\\\/wp-content\\\/uploads\\\/2021\\\/10\\\/PTFE_machined-part_for-_aeronautics-min.png\",\"datePublished\":\"2021-10-27T15:06:29+00:00\",\"dateModified\":\"2021-11-04T12:56:13+00:00\",\"description\":\"Depuis 50 ans, 3P usine des produits semi-finis pour des industries exigeantes, en PTFE d\u2019abord, puis en fluoropolym\u00e8res et plastiques...\",\"breadcrumb\":{\"@id\":\"https:\\\/\\\/www.3pcorporate.com\\\/fr\\\/produits-3p\\\/3p-solutions\\\/usinage-3p\\\/#breadcrumb\"},\"inLanguage\":\"fr-FR\",\"potentialAction\":[{\"@type\":\"ReadAction\",\"target\":[\"https:\\\/\\\/www.3pcorporate.com\\\/fr\\\/produits-3p\\\/3p-solutions\\\/usinage-3p\\\/\"]}]},{\"@type\":\"ImageObject\",\"inLanguage\":\"fr-FR\",\"@id\":\"https:\\\/\\\/www.3pcorporate.com\\\/fr\\\/produits-3p\\\/3p-solutions\\\/usinage-3p\\\/#primaryimage\",\"url\":\"https:\\\/\\\/www.3pcorporate.com\\\/\\\/wp-content\\\/uploads\\\/2021\\\/10\\\/PTFE_machined-part_for-_aeronautics-min.png\",\"contentUrl\":\"https:\\\/\\\/www.3pcorporate.com\\\/\\\/wp-content\\\/uploads\\\/2021\\\/10\\\/PTFE_machined-part_for-_aeronautics-min.png\"},{\"@type\":\"BreadcrumbList\",\"@id\":\"https:\\\/\\\/www.3pcorporate.com\\\/fr\\\/produits-3p\\\/3p-solutions\\\/usinage-3p\\\/#breadcrumb\",\"itemListElement\":[{\"@type\":\"ListItem\",\"position\":1,\"name\":\"Accueil\",\"item\":\"https:\\\/\\\/www.3pcorporate.com\\\/fr\\\/\"},{\"@type\":\"ListItem\",\"position\":2,\"name\":\"Produits 3P\",\"item\":\"https:\\\/\\\/www.3pcorporate.com\\\/fr\\\/produits-3p\\\/\"},{\"@type\":\"ListItem\",\"position\":3,\"name\":\"3p Solutions\",\"item\":\"https:\\\/\\\/www.3pcorporate.com\\\/fr\\\/produits-3p\\\/3p-solutions\\\/\"},{\"@type\":\"ListItem\",\"position\":4,\"name\":\"Usinage 3P\"}]},{\"@type\":\"WebSite\",\"@id\":\"https:\\\/\\\/www.3pcorporate.com\\\/en\\\/#website\",\"url\":\"https:\\\/\\\/www.3pcorporate.com\\\/en\\\/\",\"name\":\"3P Corporate\",\"description\":\"Produits Plastiques Performants \",\"publisher\":{\"@id\":\"https:\\\/\\\/www.3pcorporate.com\\\/en\\\/#organization\"},\"potentialAction\":[{\"@type\":\"SearchAction\",\"target\":{\"@type\":\"EntryPoint\",\"urlTemplate\":\"https:\\\/\\\/www.3pcorporate.com\\\/en\\\/?s={search_term_string}\"},\"query-input\":{\"@type\":\"PropertyValueSpecification\",\"valueRequired\":true,\"valueName\":\"search_term_string\"}}],\"inLanguage\":\"fr-FR\"},{\"@type\":\"Organization\",\"@id\":\"https:\\\/\\\/www.3pcorporate.com\\\/en\\\/#organization\",\"name\":\"3P Corporate\",\"url\":\"https:\\\/\\\/www.3pcorporate.com\\\/en\\\/\",\"logo\":{\"@type\":\"ImageObject\",\"inLanguage\":\"fr-FR\",\"@id\":\"https:\\\/\\\/www.3pcorporate.com\\\/en\\\/#\\\/schema\\\/logo\\\/image\\\/\",\"url\":\"https:\\\/\\\/www.3pcorporate.com\\\/\\\/wp-content\\\/uploads\\\/2021\\\/09\\\/3P_logo-fr.png\",\"contentUrl\":\"https:\\\/\\\/www.3pcorporate.com\\\/\\\/wp-content\\\/uploads\\\/2021\\\/09\\\/3P_logo-fr.png\",\"width\":120,\"height\":98,\"caption\":\"3P Corporate\"},\"image\":{\"@id\":\"https:\\\/\\\/www.3pcorporate.com\\\/en\\\/#\\\/schema\\\/logo\\\/image\\\/\"},\"sameAs\":[\"https:\\\/\\\/fr.linkedin.com\\\/company\\\/3p-produits-plastiques-performants\"]}]}<\/script>\n<!-- \/ Yoast SEO Premium plugin. -->","yoast_head_json":{"title":"Usinage 3P - 3P Corporate","description":"Depuis 50 ans, 3P usine des produits semi-finis pour des industries exigeantes, en PTFE d\u2019abord, puis en fluoropolym\u00e8res et plastiques...","robots":{"index":"index","follow":"follow","max-snippet":"max-snippet:-1","max-image-preview":"max-image-preview:large","max-video-preview":"max-video-preview:-1"},"canonical":"https:\/\/www.3pcorporate.com\/fr\/produits-3p\/3p-solutions\/usinage-3p\/","og_locale":"fr_FR","og_type":"article","og_title":"Usinage 3P","og_description":"Depuis 50 ans, 3P usine des produits semi-finis pour des industries exigeantes, en PTFE d\u2019abord, puis en fluoropolym\u00e8res et plastiques...","og_url":"https:\/\/www.3pcorporate.com\/fr\/produits-3p\/3p-solutions\/usinage-3p\/","og_site_name":"3P Corporate","article_modified_time":"2021-11-04T12:56:13+00:00","og_image":[{"url":"https:\/\/www.3pcorporate.com\/\/wp-content\/uploads\/2021\/10\/PTFE_machined-part_for-_aeronautics-min.png","type":"","width":"","height":""}],"twitter_card":"summary_large_image","twitter_misc":{"Dur\u00e9e de lecture estim\u00e9e":"4 minutes"},"schema":{"@context":"https:\/\/schema.org","@graph":[{"@type":"WebPage","@id":"https:\/\/www.3pcorporate.com\/fr\/produits-3p\/3p-solutions\/usinage-3p\/","url":"https:\/\/www.3pcorporate.com\/fr\/produits-3p\/3p-solutions\/usinage-3p\/","name":"Usinage 3P - 3P Corporate","isPartOf":{"@id":"https:\/\/www.3pcorporate.com\/en\/#website"},"primaryImageOfPage":{"@id":"https:\/\/www.3pcorporate.com\/fr\/produits-3p\/3p-solutions\/usinage-3p\/#primaryimage"},"image":{"@id":"https:\/\/www.3pcorporate.com\/fr\/produits-3p\/3p-solutions\/usinage-3p\/#primaryimage"},"thumbnailUrl":"https:\/\/www.3pcorporate.com\/\/wp-content\/uploads\/2021\/10\/PTFE_machined-part_for-_aeronautics-min.png","datePublished":"2021-10-27T15:06:29+00:00","dateModified":"2021-11-04T12:56:13+00:00","description":"Depuis 50 ans, 3P usine des produits semi-finis pour des industries exigeantes, en PTFE d\u2019abord, puis en fluoropolym\u00e8res et plastiques...","breadcrumb":{"@id":"https:\/\/www.3pcorporate.com\/fr\/produits-3p\/3p-solutions\/usinage-3p\/#breadcrumb"},"inLanguage":"fr-FR","potentialAction":[{"@type":"ReadAction","target":["https:\/\/www.3pcorporate.com\/fr\/produits-3p\/3p-solutions\/usinage-3p\/"]}]},{"@type":"ImageObject","inLanguage":"fr-FR","@id":"https:\/\/www.3pcorporate.com\/fr\/produits-3p\/3p-solutions\/usinage-3p\/#primaryimage","url":"https:\/\/www.3pcorporate.com\/\/wp-content\/uploads\/2021\/10\/PTFE_machined-part_for-_aeronautics-min.png","contentUrl":"https:\/\/www.3pcorporate.com\/\/wp-content\/uploads\/2021\/10\/PTFE_machined-part_for-_aeronautics-min.png"},{"@type":"BreadcrumbList","@id":"https:\/\/www.3pcorporate.com\/fr\/produits-3p\/3p-solutions\/usinage-3p\/#breadcrumb","itemListElement":[{"@type":"ListItem","position":1,"name":"Accueil","item":"https:\/\/www.3pcorporate.com\/fr\/"},{"@type":"ListItem","position":2,"name":"Produits 3P","item":"https:\/\/www.3pcorporate.com\/fr\/produits-3p\/"},{"@type":"ListItem","position":3,"name":"3p Solutions","item":"https:\/\/www.3pcorporate.com\/fr\/produits-3p\/3p-solutions\/"},{"@type":"ListItem","position":4,"name":"Usinage 3P"}]},{"@type":"WebSite","@id":"https:\/\/www.3pcorporate.com\/en\/#website","url":"https:\/\/www.3pcorporate.com\/en\/","name":"3P Corporate","description":"Produits Plastiques Performants ","publisher":{"@id":"https:\/\/www.3pcorporate.com\/en\/#organization"},"potentialAction":[{"@type":"SearchAction","target":{"@type":"EntryPoint","urlTemplate":"https:\/\/www.3pcorporate.com\/en\/?s={search_term_string}"},"query-input":{"@type":"PropertyValueSpecification","valueRequired":true,"valueName":"search_term_string"}}],"inLanguage":"fr-FR"},{"@type":"Organization","@id":"https:\/\/www.3pcorporate.com\/en\/#organization","name":"3P Corporate","url":"https:\/\/www.3pcorporate.com\/en\/","logo":{"@type":"ImageObject","inLanguage":"fr-FR","@id":"https:\/\/www.3pcorporate.com\/en\/#\/schema\/logo\/image\/","url":"https:\/\/www.3pcorporate.com\/\/wp-content\/uploads\/2021\/09\/3P_logo-fr.png","contentUrl":"https:\/\/www.3pcorporate.com\/\/wp-content\/uploads\/2021\/09\/3P_logo-fr.png","width":120,"height":98,"caption":"3P Corporate"},"image":{"@id":"https:\/\/www.3pcorporate.com\/en\/#\/schema\/logo\/image\/"},"sameAs":["https:\/\/fr.linkedin.com\/company\/3p-produits-plastiques-performants"]}]}},"_links":{"self":[{"href":"https:\/\/www.3pcorporate.com\/fr\/wp-json\/wp\/v2\/pages\/6260","targetHints":{"allow":["GET"]}}],"collection":[{"href":"https:\/\/www.3pcorporate.com\/fr\/wp-json\/wp\/v2\/pages"}],"about":[{"href":"https:\/\/www.3pcorporate.com\/fr\/wp-json\/wp\/v2\/types\/page"}],"author":[{"embeddable":true,"href":"https:\/\/www.3pcorporate.com\/fr\/wp-json\/wp\/v2\/users\/1"}],"replies":[{"embeddable":true,"href":"https:\/\/www.3pcorporate.com\/fr\/wp-json\/wp\/v2\/comments?post=6260"}],"version-history":[{"count":0,"href":"https:\/\/www.3pcorporate.com\/fr\/wp-json\/wp\/v2\/pages\/6260\/revisions"}],"up":[{"embeddable":true,"href":"https:\/\/www.3pcorporate.com\/fr\/wp-json\/wp\/v2\/pages\/6466"}],"wp:attachment":[{"href":"https:\/\/www.3pcorporate.com\/fr\/wp-json\/wp\/v2\/media?parent=6260"}],"curies":[{"name":"wp","href":"https:\/\/api.w.org\/{rel}","templated":true}]}}